{"id":4275,"date":"2026-04-10T13:02:18","date_gmt":"2026-04-10T11:02:18","guid":{"rendered":"https:\/\/dev-techl.eu\/?page_id=4275"},"modified":"2026-04-10T13:06:08","modified_gmt":"2026-04-10T11:06:08","slug":"auszeichnungen","status":"publish","type":"page","link":"https:\/\/www.united-innovations.eu\/de\/auszeichnungen\/","title":{"rendered":"Auszeichnungen"},"content":{"rendered":"<div data-elementor-type=\"wp-page\" data-elementor-id=\"4275\" class=\"elementor elementor-4275\">\n\t\t\t\t\t\t<section class=\"elementor-section elementor-top-section elementor-element elementor-element-3c68fcd3 elementor-section-height-min-height elementor-section-stretched elementor-section-boxed elementor-section-height-default elementor-section-items-middle\" data-id=\"3c68fcd3\" data-element_type=\"section\" data-settings=\"{&quot;stretch_section&quot;:&quot;section-stretched&quot;,&quot;background_background&quot;:&quot;classic&quot;}\">\n\t\t\t\t\t\t\t<div class=\"elementor-background-overlay\"><\/div>\n\t\t\t\t\t\t\t<div class=\"elementor-container elementor-column-gap-default\">\n\t\t\t\t\t<div class=\"elementor-column elementor-col-100 elementor-top-column elementor-element elementor-element-2036629f\" data-id=\"2036629f\" data-element_type=\"column\">\n\t\t\t<div class=\"elementor-widget-wrap elementor-element-populated\">\n\t\t\t\t\t\t<div class=\"elementor-element elementor-element-11ef9196 elementor-widget elementor-widget-heading\" data-id=\"11ef9196\" data-element_type=\"widget\" data-widget_type=\"heading.default\">\n\t\t\t\t<div class=\"elementor-widget-container\">\n\t\t\t\t\t<h2 class=\"elementor-heading-title elementor-size-default\">Distinguished Innovators Auszeichnung &amp; Ehrenmitgliedschaft<\/h2>\t\t\t\t<\/div>\n\t\t\t\t<\/div>\n\t\t\t\t<section class=\"elementor-section elementor-inner-section elementor-element elementor-element-4ee403fe elementor-section-boxed elementor-section-height-default elementor-section-height-default\" data-id=\"4ee403fe\" data-element_type=\"section\">\n\t\t\t\t\t\t<div class=\"elementor-container elementor-column-gap-default\">\n\t\t\t\t\t<div class=\"elementor-column elementor-col-50 elementor-inner-column elementor-element elementor-element-7e53ac83\" data-id=\"7e53ac83\" data-element_type=\"column\">\n\t\t\t<div class=\"elementor-widget-wrap elementor-element-populated\">\n\t\t\t\t\t\t<div class=\"elementor-element elementor-element-4cbfb2d0 elementor-widget elementor-widget-text-editor\" data-id=\"4cbfb2d0\" data-element_type=\"widget\" data-widget_type=\"text-editor.default\">\n\t\t\t\t<div class=\"elementor-widget-container\">\n\t\t\t\t\t\t\t\t\t<div class=\"flex flex-grow flex-col max-w-full\"><div class=\"min-h-[20px] text-message flex flex-col items-start gap-3 whitespace-pre-wrap break-words [.text-message+&amp;]:mt-5 overflow-x-auto\" data-message-author-role=\"assistant\" data-message-id=\"287c26e7-7d9e-41bd-94e6-0f7b0b920a79\"><div class=\"markdown prose w-full break-words dark:prose-invert light\"><p>Mit der Distinguished Innovators Auszeichnung und der Ehrenmitgliedschaft w\u00fcrdigen United Innovations und die GFFT herausragende Pers\u00f6nlichkeiten. Beide Auszeichnungen richten sich an Menschen, die durch Innovationskraft, Wissenstransfer und pers\u00f6nliches Engagement Ma\u00dfst\u00e4be setzen.<\/p><\/div><\/div><\/div>\t\t\t\t\t\t\t\t<\/div>\n\t\t\t\t<\/div>\n\t\t\t\t\t<\/div>\n\t\t<\/div>\n\t\t\t\t<div class=\"elementor-column elementor-col-50 elementor-inner-column elementor-element elementor-element-69000590 elementor-hidden-tablet elementor-hidden-mobile\" data-id=\"69000590\" data-element_type=\"column\">\n\t\t\t<div class=\"elementor-widget-wrap\">\n\t\t\t\t\t\t\t<\/div>\n\t\t<\/div>\n\t\t\t\t\t<\/div>\n\t\t<\/section>\n\t\t\t\t\t<\/div>\n\t\t<\/div>\n\t\t\t\t\t<\/div>\n\t\t<\/section>\n\t\t<div class=\"elementor-element elementor-element-4c7cce70 e-flex e-con-boxed e-con e-parent\" data-id=\"4c7cce70\" data-element_type=\"container\">\n\t\t\t\t\t<div class=\"e-con-inner\">\n\t\t<div class=\"elementor-element elementor-element-21729e8f e-con-full e-flex e-con e-child\" data-id=\"21729e8f\" data-element_type=\"container\">\n\t\t\t\t<div class=\"elementor-element elementor-element-2c91a55c elementor-widget elementor-widget-heading\" data-id=\"2c91a55c\" data-element_type=\"widget\" data-widget_type=\"heading.default\">\n\t\t\t\t<div class=\"elementor-widget-container\">\n\t\t\t\t\t<h3 class=\"elementor-heading-title elementor-size-default\">Distinguished Innovators<\/h3>\t\t\t\t<\/div>\n\t\t\t\t<\/div>\n\t\t\t\t<div class=\"elementor-element elementor-element-70d2c439 elementor-widget elementor-widget-text-editor\" data-id=\"70d2c439\" data-element_type=\"widget\" data-widget_type=\"text-editor.default\">\n\t\t\t\t<div class=\"elementor-widget-container\">\n\t\t\t\t\t\t\t\t\t<p class=\"\" data-start=\"679\" data-end=\"1100\">Die Distinguished Innovators Auszeichnung geht an Vordenker, die mit neuen Ideen und fachlicher Exzellenz Wege in Wissenschaft, Technologie und Gesellschaft er\u00f6ffnen.<\/p>\t\t\t\t\t\t\t\t<\/div>\n\t\t\t\t<\/div>\n\t\t\t\t<div class=\"elementor-element elementor-element-27a03d6 elementor-align-left elementor-invisible elementor-widget elementor-widget-button\" data-id=\"27a03d6\" data-element_type=\"widget\" data-settings=\"{&quot;_animation&quot;:&quot;fadeInUp&quot;}\" data-widget_type=\"button.default\">\n\t\t\t\t<div class=\"elementor-widget-container\">\n\t\t\t\t\t\t\t\t\t<div class=\"elementor-button-wrapper\">\n\t\t\t\t\t<a class=\"elementor-button elementor-button-link elementor-size-sm\" href=\"#Distinguished_Innovators\">\n\t\t\t\t\t\t<span class=\"elementor-button-content-wrapper\">\n\t\t\t\t\t\t\t\t\t<span class=\"elementor-button-text\">Zu den Distinguished Innovators<\/span>\n\t\t\t\t\t<\/span>\n\t\t\t\t\t<\/a>\n\t\t\t\t<\/div>\n\t\t\t\t\t\t\t\t<\/div>\n\t\t\t\t<\/div>\n\t\t\t\t<\/div>\n\t\t<div class=\"elementor-element elementor-element-21916e18 e-con-full e-flex e-con e-child\" data-id=\"21916e18\" data-element_type=\"container\">\n\t\t\t\t<div class=\"elementor-element elementor-element-77b55ff3 elementor-widget elementor-widget-heading\" data-id=\"77b55ff3\" data-element_type=\"widget\" data-widget_type=\"heading.default\">\n\t\t\t\t<div class=\"elementor-widget-container\">\n\t\t\t\t\t<h3 class=\"elementor-heading-title elementor-size-default\">Ehrenmitglieder der GFFT<\/h3>\t\t\t\t<\/div>\n\t\t\t\t<\/div>\n\t\t\t\t<div class=\"elementor-element elementor-element-5d50536a elementor-widget elementor-widget-text-editor\" data-id=\"5d50536a\" data-element_type=\"widget\" data-widget_type=\"text-editor.default\">\n\t\t\t\t<div class=\"elementor-widget-container\">\n\t\t\t\t\t\t\t\t\t<p class=\"\" data-start=\"1142\" data-end=\"1536\">Die Ehrenmitgliedschaft wird an Pers\u00f6nlichkeiten vergeben, die sich dauerhaft und mit gro\u00dfem Einsatz f\u00fcr die F\u00f6rderung von Innovationen engagieren \u2013 innerhalb der GFFT und dar\u00fcber hinaus.<\/p>\t\t\t\t\t\t\t\t<\/div>\n\t\t\t\t<\/div>\n\t\t\t\t<div class=\"elementor-element elementor-element-5067be65 elementor-align-left elementor-invisible elementor-widget elementor-widget-button\" data-id=\"5067be65\" data-element_type=\"widget\" data-settings=\"{&quot;_animation&quot;:&quot;fadeInUp&quot;}\" data-widget_type=\"button.default\">\n\t\t\t\t<div class=\"elementor-widget-container\">\n\t\t\t\t\t\t\t\t\t<div class=\"elementor-button-wrapper\">\n\t\t\t\t\t<a class=\"elementor-button elementor-button-link elementor-size-sm\" href=\"https:\/\/dev-techl.eu\/ehrenmitglieder\/\">\n\t\t\t\t\t\t<span class=\"elementor-button-content-wrapper\">\n\t\t\t\t\t\t\t\t\t<span class=\"elementor-button-text\">Zu den Ehrenmitgliedern<\/span>\n\t\t\t\t\t<\/span>\n\t\t\t\t\t<\/a>\n\t\t\t\t<\/div>\n\t\t\t\t\t\t\t\t<\/div>\n\t\t\t\t<\/div>\n\t\t\t\t<\/div>\n\t\t\t\t\t<\/div>\n\t\t\t\t<\/div>\n\t\t<div class=\"elementor-element elementor-element-4c909675 e-flex e-con-boxed e-con e-parent\" data-id=\"4c909675\" data-element_type=\"container\">\n\t\t\t\t\t<div class=\"e-con-inner\">\n\t\t\t\t<div class=\"elementor-element elementor-element-7a08f32b elementor-widget elementor-widget-heading\" data-id=\"7a08f32b\" data-element_type=\"widget\" data-widget_type=\"heading.default\">\n\t\t\t\t<div class=\"elementor-widget-container\">\n\t\t\t\t\t<h2 class=\"elementor-heading-title elementor-size-default\">Distinguished Innovators<\/h2>\t\t\t\t<\/div>\n\t\t\t\t<\/div>\n\t\t\t\t<div class=\"elementor-element elementor-element-3503d78d elementor-widget-divider--view-line elementor-widget elementor-widget-divider\" data-id=\"3503d78d\" data-element_type=\"widget\" data-widget_type=\"divider.default\">\n\t\t\t\t<div class=\"elementor-widget-container\">\n\t\t\t\t\t\t\t<div class=\"elementor-divider\">\n\t\t\t<span class=\"elementor-divider-separator\">\n\t\t\t\t\t\t<\/span>\n\t\t<\/div>\n\t\t\t\t\t\t<\/div>\n\t\t\t\t<\/div>\n\t\t\t\t<div class=\"elementor-element elementor-element-6c17d985 elementor-widget elementor-widget-menu-anchor\" data-id=\"6c17d985\" data-element_type=\"widget\" data-widget_type=\"menu-anchor.default\">\n\t\t\t\t<div class=\"elementor-widget-container\">\n\t\t\t\t\t\t\t<div class=\"elementor-menu-anchor\" id=\"Distinguished_Innovators\"><\/div>\n\t\t\t\t\t\t<\/div>\n\t\t\t\t<\/div>\n\t\t\t\t\t<\/div>\n\t\t\t\t<\/div>\n\t\t\t\t<section class=\"elementor-section elementor-top-section elementor-element elementor-element-6ddff5e4 elementor-section-boxed elementor-section-height-default elementor-section-height-default\" data-id=\"6ddff5e4\" data-element_type=\"section\">\n\t\t\t\t\t\t<div class=\"elementor-container elementor-column-gap-default\">\n\t\t\t\t\t<div class=\"elementor-column elementor-col-100 elementor-top-column elementor-element elementor-element-2dd32817\" data-id=\"2dd32817\" data-element_type=\"column\">\n\t\t\t<div class=\"elementor-widget-wrap elementor-element-populated\">\n\t\t\t\t\t\t<div class=\"elementor-element elementor-element-a7e0e20 elementor-position-left elementor-vertical-align-middle elementor-widget elementor-widget-image-box\" data-id=\"a7e0e20\" data-element_type=\"widget\" data-widget_type=\"image-box.default\">\n\t\t\t\t<div class=\"elementor-widget-container\">\n\t\t\t\t\t<div class=\"elementor-image-box-wrapper\"><figure class=\"elementor-image-box-img\"><img decoding=\"async\" width=\"150\" height=\"150\" src=\"https:\/\/www.united-innovations.eu\/wp-content\/uploads\/2026\/04\/Berthold-e1745839658770-150x150.jpg\" class=\"attachment-thumbnail size-thumbnail wp-image-4277\" alt=\"\" srcset=\"https:\/\/www.united-innovations.eu\/wp-content\/uploads\/2026\/04\/Berthold-e1745839658770-150x150.jpg 150w, https:\/\/www.united-innovations.eu\/wp-content\/uploads\/2026\/04\/Berthold-e1745839658770-300x300.jpg 300w, https:\/\/www.united-innovations.eu\/wp-content\/uploads\/2026\/04\/Berthold-e1745839658770-768x768.jpg 768w, https:\/\/www.united-innovations.eu\/wp-content\/uploads\/2026\/04\/Berthold-e1745839658770-230x230.jpg 230w, https:\/\/www.united-innovations.eu\/wp-content\/uploads\/2026\/04\/Berthold-e1745839658770-350x350.jpg 350w, https:\/\/www.united-innovations.eu\/wp-content\/uploads\/2026\/04\/Berthold-e1745839658770-480x480.jpg 480w, https:\/\/www.united-innovations.eu\/wp-content\/uploads\/2026\/04\/Berthold-e1745839658770.jpg 942w\" sizes=\"(max-width: 150px) 100vw, 150px\" \/><\/figure><div class=\"elementor-image-box-content\"><h3 class=\"elementor-image-box-title\">Prof. Dr. Michael Berthold<\/h3><p class=\"elementor-image-box-description\">Prof. Berthold ist ein deutscher Informatiker, Unternehmer, Wissenschaftler und Autor. Er hatte den Lehrstuhl f\u00fcr Bioinformatik und Information Mining an der Universit\u00e4t Konstanz inne und ist Honorarprofessor an der \u00d3buda University. Er ist au\u00dferdem Mitbegr\u00fcnder von KNIME und seit 2017 Vorstandsvorsitzender der KNIME AG.\nProf. Berthold hat mehr als 250 Publikationen verfasst und konzentriert sich in seiner Forschung auf die Nutzung von Methoden des maschinellen Lernens f\u00fcr die interaktive Analyse gro\u00dfer Informationsrepositorien. Er ist Herausgeber und Co-Autor von Lehrb\u00fcchern, darunter \u201eGuide To Intelligent Data Science\u201c und \u201eIntelligent Data Analysis\u201c.\nProf. Berthold ist ein Fellow des Institute of Electrical and Electronics Engineers (IEEE), ehemaliger Pr\u00e4sident der North American Fuzzy Information Processing Society und ehemaliger Pr\u00e4sident der IEEE Systems, Man, and Cybernetics Society. Er ist Mitherausgeber von Data Mining and Knowledge Discovery (DMKD), Knowledge and Information Systems (KIS), Journal of Cheminformatics (JCIS) und International Journal of Computational Intelligence in Bioinformatics and Systems Biology (IJCIBSB). \n<\/p><\/div><\/div>\t\t\t\t<\/div>\n\t\t\t\t<\/div>\n\t\t\t\t<div class=\"elementor-element elementor-element-55f41525 elementor-widget-divider--view-line elementor-widget elementor-widget-divider\" data-id=\"55f41525\" data-element_type=\"widget\" data-widget_type=\"divider.default\">\n\t\t\t\t<div class=\"elementor-widget-container\">\n\t\t\t\t\t\t\t<div class=\"elementor-divider\">\n\t\t\t<span class=\"elementor-divider-separator\">\n\t\t\t\t\t\t<\/span>\n\t\t<\/div>\n\t\t\t\t\t\t<\/div>\n\t\t\t\t<\/div>\n\t\t\t\t<div class=\"elementor-element elementor-element-535bcfea elementor-position-left elementor-vertical-align-middle elementor-widget elementor-widget-image-box\" data-id=\"535bcfea\" data-element_type=\"widget\" data-widget_type=\"image-box.default\">\n\t\t\t\t<div class=\"elementor-widget-container\">\n\t\t\t\t\t<div class=\"elementor-image-box-wrapper\"><figure class=\"elementor-image-box-img\"><img decoding=\"async\" width=\"150\" height=\"150\" src=\"https:\/\/www.united-innovations.eu\/wp-content\/uploads\/2026\/04\/BenjaminStrehl-scaled-e1742387735263-150x150.jpg\" class=\"attachment-thumbnail size-thumbnail wp-image-4278\" alt=\"\" \/><\/figure><div class=\"elementor-image-box-content\"><h3 class=\"elementor-image-box-title\">Dr. Benjamin Strehl<\/h3><p class=\"elementor-image-box-description\">Dr. Benjamin Strehl verantwortet als Vorstand das akquisitorische Wachstum der USU-Gruppe sowie die Bereiche Forschung & Entwicklung und Consulting.\nUnter seiner Leitung entwickelte sich USU zu einem weltweit f\u00fchrenden Anbieter von Software- und Servicel\u00f6sungen im Bereich IT & Customer Service Management. Gemeinsam mit den inzwischen rund 650 Mitarbeiterinnen und Mitarbeitern wird den Kunden erm\u00f6glicht, sich den \u00e4ndernden Anforderungen in einer digitalisierten Arbeitswelt anzupassen. \nDr. Strehl absolvierte ein Studium der Betriebswirtschaft mit den Schwerpunkten Wirtschaftsinformatik und internationales Management in Wiesbaden, Los Angeles und Singapur. Nach dem Abschluss als Diplom-Kaufmann arbeitete er zun\u00e4chst bei der IBM und danach bei Roland Berger Strategy Consultants in zahlreichen Projekten f\u00fcr internationale Konzerne, schwerpunktm\u00e4\u00dfig in den Themen Organisation, Prozesse und IT-Strategie. Am Institut f\u00fcr Informatik der Universit\u00e4t Leipzig promovierte er 2012 erfolgreich zum Thema \"Innovationsmanagement im Service Center\".\nDr. Strehl ist Autor zahlreicher Fachartikel.\n<\/p><\/div><\/div>\t\t\t\t<\/div>\n\t\t\t\t<\/div>\n\t\t\t\t<div class=\"elementor-element elementor-element-78fddfd9 elementor-widget-divider--view-line elementor-widget elementor-widget-divider\" data-id=\"78fddfd9\" data-element_type=\"widget\" data-widget_type=\"divider.default\">\n\t\t\t\t<div class=\"elementor-widget-container\">\n\t\t\t\t\t\t\t<div class=\"elementor-divider\">\n\t\t\t<span class=\"elementor-divider-separator\">\n\t\t\t\t\t\t<\/span>\n\t\t<\/div>\n\t\t\t\t\t\t<\/div>\n\t\t\t\t<\/div>\n\t\t\t\t<div class=\"elementor-element elementor-element-25a69ce0 elementor-position-left elementor-vertical-align-middle elementor-widget elementor-widget-image-box\" data-id=\"25a69ce0\" data-element_type=\"widget\" data-widget_type=\"image-box.default\">\n\t\t\t\t<div class=\"elementor-widget-container\">\n\t\t\t\t\t<div class=\"elementor-image-box-wrapper\"><figure class=\"elementor-image-box-img\"><img decoding=\"async\" width=\"150\" height=\"150\" src=\"https:\/\/www.united-innovations.eu\/wp-content\/uploads\/2026\/04\/Dr.-Andreas-Nauerz_bosch-150x150.png\" class=\"attachment-thumbnail size-thumbnail wp-image-4279\" alt=\"\" srcset=\"https:\/\/www.united-innovations.eu\/wp-content\/uploads\/2026\/04\/Dr.-Andreas-Nauerz_bosch-150x150.png 150w, https:\/\/www.united-innovations.eu\/wp-content\/uploads\/2026\/04\/Dr.-Andreas-Nauerz_bosch-230x230.png 230w, https:\/\/www.united-innovations.eu\/wp-content\/uploads\/2026\/04\/Dr.-Andreas-Nauerz_bosch.png 300w\" sizes=\"(max-width: 150px) 100vw, 150px\" \/><\/figure><div class=\"elementor-image-box-content\"><h3 class=\"elementor-image-box-title\">Dr. Andreas Nauerz<\/h3><p class=\"elementor-image-box-description\">Seit 2023 ist Andreas Nauerz Mitglied des Vorstands von Bosch Digital und verantwortet als CTO &amp; EVP den Bereich Produkte und Innovationen. Bosch Digital unterst\u00fctzt mit \u00fcber 11.000 Mitarbeitern die digitale Transformation der gesamten Bosch Gruppe. Zuvor war Andreas CEO &amp; CTO von Bosch.IO, wo er u.a. die (A)IoT-Strategie verantworte. Er stieg 2019 bei Bosch in der Unternehmensforschung ein, nachdem er zuvor f\u00fcr IBM\u2018s Cloud Sparte gearbeitet hat. Dort wurde er 2011 u.a. mit dem Titel \"IBM Master Inventor\" ausgezeichnet.\n<p><\/p>\n<p><a href=\"https:\/\/www.linkedin.com\/feed\/update\/urn:li:activity:7173241657599971329\"target=\"_blank\">Spotlight on Excellence<\/a><\/p><\/p><\/div><\/div>\t\t\t\t<\/div>\n\t\t\t\t<\/div>\n\t\t\t\t<div class=\"elementor-element elementor-element-a1acf8d elementor-widget-divider--view-line elementor-widget elementor-widget-divider\" data-id=\"a1acf8d\" data-element_type=\"widget\" data-widget_type=\"divider.default\">\n\t\t\t\t<div class=\"elementor-widget-container\">\n\t\t\t\t\t\t\t<div class=\"elementor-divider\">\n\t\t\t<span class=\"elementor-divider-separator\">\n\t\t\t\t\t\t<\/span>\n\t\t<\/div>\n\t\t\t\t\t\t<\/div>\n\t\t\t\t<\/div>\n\t\t\t\t<div class=\"elementor-element elementor-element-10728794 elementor-position-left elementor-vertical-align-middle elementor-widget elementor-widget-image-box\" data-id=\"10728794\" data-element_type=\"widget\" data-widget_type=\"image-box.default\">\n\t\t\t\t<div class=\"elementor-widget-container\">\n\t\t\t\t\t<div class=\"elementor-image-box-wrapper\"><figure class=\"elementor-image-box-img\"><img loading=\"lazy\" decoding=\"async\" width=\"150\" height=\"150\" src=\"https:\/\/www.united-innovations.eu\/wp-content\/uploads\/2026\/04\/Prof.-Dr.-Volker-Gruhn-150x150.jpg\" class=\"attachment-thumbnail size-thumbnail wp-image-4280\" alt=\"\" srcset=\"https:\/\/www.united-innovations.eu\/wp-content\/uploads\/2026\/04\/Prof.-Dr.-Volker-Gruhn-150x150.jpg 150w, https:\/\/www.united-innovations.eu\/wp-content\/uploads\/2026\/04\/Prof.-Dr.-Volker-Gruhn-300x300.jpg 300w, https:\/\/www.united-innovations.eu\/wp-content\/uploads\/2026\/04\/Prof.-Dr.-Volker-Gruhn-1024x1024.jpg 1024w, https:\/\/www.united-innovations.eu\/wp-content\/uploads\/2026\/04\/Prof.-Dr.-Volker-Gruhn-768x768.jpg 768w, https:\/\/www.united-innovations.eu\/wp-content\/uploads\/2026\/04\/Prof.-Dr.-Volker-Gruhn-1000x1000.jpg 1000w, https:\/\/www.united-innovations.eu\/wp-content\/uploads\/2026\/04\/Prof.-Dr.-Volker-Gruhn-230x230.jpg 230w, https:\/\/www.united-innovations.eu\/wp-content\/uploads\/2026\/04\/Prof.-Dr.-Volker-Gruhn-350x350.jpg 350w, https:\/\/www.united-innovations.eu\/wp-content\/uploads\/2026\/04\/Prof.-Dr.-Volker-Gruhn-480x480.jpg 480w, https:\/\/www.united-innovations.eu\/wp-content\/uploads\/2026\/04\/Prof.-Dr.-Volker-Gruhn.jpg 1200w\" sizes=\"(max-width: 150px) 100vw, 150px\" \/><\/figure><div class=\"elementor-image-box-content\"><h3 class=\"elementor-image-box-title\">Prof. Dr. Volker Gruhn<\/h3><p class=\"elementor-image-box-description\">F\u00fcr Volker Gruhn geh\u00f6rten Wissenschaft, Lehre und wirtschaftliche Umsetzung Zeit seines Lebens zusammen.  Nach seiner Promotion in Informatik im Jahr 1991 arbeitete er f\u00fcr das Fraunhofer-Institut f\u00fcr Software- und Systemtechnik ISST. 1997 \u00fcbernahm Volker Gruhn seine erste Professur an der Universit\u00e4t Dortmund. Es folgten weitere Berufungen nach Leipzig und Duisburg-Essen, wo er jeweils in verschiedenen, neu aufkommenden Teilgebieten des Software Engineering forschte.\nIn einzigartiger Weise verband Professor Gruhn seine Aufgaben in Forschung & Lehre mit der Anwendung des erworbenen Wissens in der von ihm mitgegr\u00fcndeten adesso SE. Adesso gilt heute als technisch f\u00fchrendes Softwareberatungshaus und besch\u00e4ftigt knapp 10.000 MitarbeiterInnen. Mittlerweise fungiert er dort als  Vorsitzender des Aufsichtsrats, ist weiterhin Lehrstuhlinhaber an der Universit\u00e4t Duisburg-Essen und ist Mitglied im Bitkom-Hauptvorstand.\n<p><\/p>\n<p><a href=\"https:\/\/www.linkedin.com\/feed\/update\/urn:li:activity:7206254995388706816\"target=\"_blank\">Spotlight on Excellence<\/a><\/p><\/p><\/div><\/div>\t\t\t\t<\/div>\n\t\t\t\t<\/div>\n\t\t\t\t\t<\/div>\n\t\t<\/div>\n\t\t\t\t\t<\/div>\n\t\t<\/section>\n\t\t\t\t<section class=\"elementor-section elementor-top-section elementor-element elementor-element-50f13ef3 elementor-section-boxed elementor-section-height-default elementor-section-height-default\" data-id=\"50f13ef3\" data-element_type=\"section\">\n\t\t\t\t\t\t<div class=\"elementor-container elementor-column-gap-default\">\n\t\t\t\t\t<div class=\"elementor-column elementor-col-100 elementor-top-column elementor-element elementor-element-7f9361c7\" data-id=\"7f9361c7\" data-element_type=\"column\">\n\t\t\t<div class=\"elementor-widget-wrap elementor-element-populated\">\n\t\t\t\t\t\t<div class=\"elementor-element elementor-element-789e8427 elementor-widget elementor-widget-spacer\" data-id=\"789e8427\" data-element_type=\"widget\" data-widget_type=\"spacer.default\">\n\t\t\t\t<div class=\"elementor-widget-container\">\n\t\t\t\t\t\t\t<div class=\"elementor-spacer\">\n\t\t\t<div class=\"elementor-spacer-inner\"><\/div>\n\t\t<\/div>\n\t\t\t\t\t\t<\/div>\n\t\t\t\t<\/div>\n\t\t\t\t\t<\/div>\n\t\t<\/div>\n\t\t\t\t\t<\/div>\n\t\t<\/section>\n\t\t\t\t<\/div>","protected":false},"excerpt":{"rendered":"<p>Distinguished Innovators Auszeichnung &amp; Ehrenmitgliedschaft Mit der Distinguished Innovators Auszeichnung und der Ehrenmitgliedschaft w\u00fcrdigen United Innovations und die GFFT herausragende Pers\u00f6nlichkeiten. Beide [&hellip;]<\/p>","protected":false},"author":2,"featured_media":0,"parent":0,"menu_order":0,"comment_status":"closed","ping_status":"closed","template":"elementor_header_footer","meta":{"footnotes":""},"class_list":["post-4275","page","type-page","status-publish","hentry"],"_links":{"self":[{"href":"https:\/\/www.united-innovations.eu\/de\/wp-json\/wp\/v2\/pages\/4275","targetHints":{"allow":["GET"]}}],"collection":[{"href":"https:\/\/www.united-innovations.eu\/de\/wp-json\/wp\/v2\/pages"}],"about":[{"href":"https:\/\/www.united-innovations.eu\/de\/wp-json\/wp\/v2\/types\/page"}],"author":[{"embeddable":true,"href":"https:\/\/www.united-innovations.eu\/de\/wp-json\/wp\/v2\/users\/2"}],"replies":[{"embeddable":true,"href":"https:\/\/www.united-innovations.eu\/de\/wp-json\/wp\/v2\/comments?post=4275"}],"version-history":[{"count":7,"href":"https:\/\/www.united-innovations.eu\/de\/wp-json\/wp\/v2\/pages\/4275\/revisions"}],"predecessor-version":[{"id":4335,"href":"https:\/\/www.united-innovations.eu\/de\/wp-json\/wp\/v2\/pages\/4275\/revisions\/4335"}],"wp:attachment":[{"href":"https:\/\/www.united-innovations.eu\/de\/wp-json\/wp\/v2\/media?parent=4275"}],"curies":[{"name":"wp","href":"https:\/\/api.w.org\/{rel}","templated":true}]}}