{"id":4187,"date":"2026-04-10T12:27:00","date_gmt":"2026-04-10T10:27:00","guid":{"rendered":"https:\/\/dev-techl.eu\/?page_id=4187"},"modified":"2026-04-23T16:53:24","modified_gmt":"2026-04-23T14:53:24","slug":"network-of-excellence","status":"publish","type":"page","link":"https:\/\/www.united-innovations.eu\/de\/network-of-excellence\/","title":{"rendered":"Network of Excellence"},"content":{"rendered":"<div data-elementor-type=\"wp-page\" data-elementor-id=\"4187\" class=\"elementor elementor-4187\">\n\t\t\t\t\t\t<section class=\"elementor-section elementor-top-section elementor-element elementor-element-12ed14eb elementor-section-height-min-height elementor-section-stretched elementor-section-boxed elementor-section-height-default elementor-section-items-middle\" data-id=\"12ed14eb\" data-element_type=\"section\" data-settings=\"{&quot;stretch_section&quot;:&quot;section-stretched&quot;,&quot;background_background&quot;:&quot;classic&quot;}\">\n\t\t\t\t\t\t\t<div class=\"elementor-background-overlay\"><\/div>\n\t\t\t\t\t\t\t<div class=\"elementor-container elementor-column-gap-default\">\n\t\t\t\t\t<div class=\"elementor-column elementor-col-100 elementor-top-column elementor-element elementor-element-6f6d4e63\" data-id=\"6f6d4e63\" data-element_type=\"column\">\n\t\t\t<div class=\"elementor-widget-wrap elementor-element-populated\">\n\t\t\t\t\t\t<div class=\"elementor-element elementor-element-7e198f00 elementor-widget elementor-widget-heading\" data-id=\"7e198f00\" data-element_type=\"widget\" data-widget_type=\"heading.default\">\n\t\t\t\t<div class=\"elementor-widget-container\">\n\t\t\t\t\t<h2 class=\"elementor-heading-title elementor-size-default\">Innovation durch Vernetzung \u2013 das Network of Excellence<\/h2>\t\t\t\t<\/div>\n\t\t\t\t<\/div>\n\t\t\t\t<section class=\"elementor-section elementor-inner-section elementor-element elementor-element-2aec7cc2 elementor-hidden-mobile elementor-section-boxed elementor-section-height-default elementor-section-height-default\" data-id=\"2aec7cc2\" data-element_type=\"section\">\n\t\t\t\t\t\t<div class=\"elementor-container elementor-column-gap-default\">\n\t\t\t\t\t<div class=\"elementor-column elementor-col-100 elementor-inner-column elementor-element elementor-element-73c75f74\" data-id=\"73c75f74\" data-element_type=\"column\">\n\t\t\t<div class=\"elementor-widget-wrap elementor-element-populated\">\n\t\t\t\t\t\t<div class=\"elementor-element elementor-element-34847e7b elementor-widget elementor-widget-text-editor\" data-id=\"34847e7b\" data-element_type=\"widget\" data-widget_type=\"text-editor.default\">\n\t\t\t\t<div class=\"elementor-widget-container\">\n\t\t\t\t\t\t\t\t\t<div class=\"flex flex-grow flex-col max-w-full\"><div class=\"min-h-[20px] text-message flex flex-col items-start gap-3 whitespace-pre-wrap break-words [.text-message+&amp;]:mt-5 overflow-x-auto\" data-message-author-role=\"assistant\" data-message-id=\"287c26e7-7d9e-41bd-94e6-0f7b0b920a79\"><div class=\"markdown prose w-full break-words dark:prose-invert light\"><p>Mit dem Network of Excellence, Innovationspartnerschaften und den Distinguished Innovators schaffen wir eine Plattform, die f\u00fchrende Expert:innen aus Industrie und Wissenschaft zusammenbringt \u2013 mit dem Ziel, gemeinsam neue L\u00f6sungen zu entwickeln und Wissen wirkungsvoll zu teilen.<\/p><\/div><\/div><\/div>\t\t\t\t\t\t\t\t<\/div>\n\t\t\t\t<\/div>\n\t\t\t\t\t<\/div>\n\t\t<\/div>\n\t\t\t\t\t<\/div>\n\t\t<\/section>\n\t\t\t\t\t<\/div>\n\t\t<\/div>\n\t\t\t\t\t<\/div>\n\t\t<\/section>\n\t\t<div class=\"elementor-element elementor-element-773b44dd e-con-full e-flex e-con e-parent\" data-id=\"773b44dd\" data-element_type=\"container\" data-settings=\"{&quot;background_background&quot;:&quot;classic&quot;}\">\n\t\t<div class=\"elementor-element elementor-element-7b7e7bfd e-con-full e-flex e-con e-child\" data-id=\"7b7e7bfd\" data-element_type=\"container\">\n\t\t\t\t<div class=\"elementor-element elementor-element-4d4847fa elementor-widget elementor-widget-image\" data-id=\"4d4847fa\" data-element_type=\"widget\" data-widget_type=\"image.default\">\n\t\t\t\t<div class=\"elementor-widget-container\">\n\t\t\t\t\t\t\t\t\t\t\t\t\t\t\t<img fetchpriority=\"high\" decoding=\"async\" width=\"952\" height=\"1024\" src=\"https:\/\/www.united-innovations.eu\/wp-content\/uploads\/2026\/04\/IMG_2762-scaled-e1746533095770-952x1024.jpg\" class=\"attachment-large size-large wp-image-4189\" alt=\"\" srcset=\"https:\/\/www.united-innovations.eu\/wp-content\/uploads\/2026\/04\/IMG_2762-scaled-e1746533095770-952x1024.jpg 952w, https:\/\/www.united-innovations.eu\/wp-content\/uploads\/2026\/04\/IMG_2762-scaled-e1746533095770-279x300.jpg 279w, https:\/\/www.united-innovations.eu\/wp-content\/uploads\/2026\/04\/IMG_2762-scaled-e1746533095770-768x826.jpg 768w, https:\/\/www.united-innovations.eu\/wp-content\/uploads\/2026\/04\/IMG_2762-scaled-e1746533095770-1000x1076.jpg 1000w, https:\/\/www.united-innovations.eu\/wp-content\/uploads\/2026\/04\/IMG_2762-scaled-e1746533095770-230x247.jpg 230w, https:\/\/www.united-innovations.eu\/wp-content\/uploads\/2026\/04\/IMG_2762-scaled-e1746533095770-350x377.jpg 350w, https:\/\/www.united-innovations.eu\/wp-content\/uploads\/2026\/04\/IMG_2762-scaled-e1746533095770-480x516.jpg 480w, https:\/\/www.united-innovations.eu\/wp-content\/uploads\/2026\/04\/IMG_2762-scaled-e1746533095770.jpg 1290w\" sizes=\"(max-width: 952px) 100vw, 952px\" \/>\t\t\t\t\t\t\t\t\t\t\t\t\t\t\t<\/div>\n\t\t\t\t<\/div>\n\t\t\t\t<\/div>\n\t\t<div class=\"elementor-element elementor-element-7befdcfb e-con-full e-flex e-con e-child\" data-id=\"7befdcfb\" data-element_type=\"container\">\n\t\t\t\t<div class=\"elementor-element elementor-element-c049aaf elementor-widget elementor-widget-heading\" data-id=\"c049aaf\" data-element_type=\"widget\" data-widget_type=\"heading.default\">\n\t\t\t\t<div class=\"elementor-widget-container\">\n\t\t\t\t\t<h2 class=\"elementor-heading-title elementor-size-default\">Das Network of Excellence<\/h2>\t\t\t\t<\/div>\n\t\t\t\t<\/div>\n\t\t\t\t<div class=\"elementor-element elementor-element-794699b4 elementor-widget-divider--view-line elementor-widget elementor-widget-divider\" data-id=\"794699b4\" data-element_type=\"widget\" data-widget_type=\"divider.default\">\n\t\t\t\t<div class=\"elementor-widget-container\">\n\t\t\t\t\t\t\t<div class=\"elementor-divider\">\n\t\t\t<span class=\"elementor-divider-separator\">\n\t\t\t\t\t\t<\/span>\n\t\t<\/div>\n\t\t\t\t\t\t<\/div>\n\t\t\t\t<\/div>\n\t\t\t\t<div class=\"elementor-element elementor-element-7db30ec5 elementor-widget elementor-widget-heading\" data-id=\"7db30ec5\" data-element_type=\"widget\" data-widget_type=\"heading.default\">\n\t\t\t\t<div class=\"elementor-widget-container\">\n\t\t\t\t\t<h3 class=\"elementor-heading-title elementor-size-default\">Pers\u00f6nliche Vernetzung f\u00fcr mehr Wissenstransfer.<\/h3>\t\t\t\t<\/div>\n\t\t\t\t<\/div>\n\t\t\t\t<div class=\"elementor-element elementor-element-46be1ee0 elementor-widget elementor-widget-text-editor\" data-id=\"46be1ee0\" data-element_type=\"widget\" data-widget_type=\"text-editor.default\">\n\t\t\t\t<div class=\"elementor-widget-container\">\n\t\t\t\t\t\t\t\t\t<ul><li data-start=\"467\" data-end=\"664\">United Innovations bringt Expert:innen aus Industrie, Beratung und Wissenschaft gezielt zusammen, um gemeinsam:<br \/>aktuelle Herausforderungen zu diskutieren,<\/li><li data-start=\"666\" data-end=\"820\">innovative Ans\u00e4tze f\u00fcr die Industrie zu entwickeln und<\/li><li data-start=\"666\" data-end=\"820\">nachhaltige L\u00f6sungen in die Praxis zu bringen.<\/li><\/ul><p class=\"\" data-start=\"822\" data-end=\"1074\">Besonders pr\u00e4gende Pers\u00f6nlichkeiten im Netzwerk erhalten die Auszeichnung \u201eDistinguished Innovators\u201c. Ihre enge Zusammenarbeit mit dem Network of Excellence inspiriert neue Perspektiven und f\u00f6rdert echte Fortschritte durch interdisziplin\u00e4ren Austausch.<\/p>\t\t\t\t\t\t\t\t<\/div>\n\t\t\t\t<\/div>\n\t\t\t\t<\/div>\n\t\t\t\t<\/div>\n\t\t<div class=\"elementor-element elementor-element-a0ed3dc e-con-full e-flex e-con e-parent\" data-id=\"a0ed3dc\" data-element_type=\"container\" data-settings=\"{&quot;background_background&quot;:&quot;classic&quot;}\">\n\t\t<div class=\"elementor-element elementor-element-48d2d741 e-con-full e-flex e-con e-child\" data-id=\"48d2d741\" data-element_type=\"container\">\n\t\t\t\t<div class=\"elementor-element elementor-element-1e103376 elementor-widget elementor-widget-heading\" data-id=\"1e103376\" data-element_type=\"widget\" data-widget_type=\"heading.default\">\n\t\t\t\t<div class=\"elementor-widget-container\">\n\t\t\t\t\t<h2 class=\"elementor-heading-title elementor-size-default\">Starke Partnerschaften<\/h2>\t\t\t\t<\/div>\n\t\t\t\t<\/div>\n\t\t\t\t<div class=\"elementor-element elementor-element-3648ac9e elementor-widget-divider--view-line elementor-widget elementor-widget-divider\" data-id=\"3648ac9e\" data-element_type=\"widget\" data-widget_type=\"divider.default\">\n\t\t\t\t<div class=\"elementor-widget-container\">\n\t\t\t\t\t\t\t<div class=\"elementor-divider\">\n\t\t\t<span class=\"elementor-divider-separator\">\n\t\t\t\t\t\t<\/span>\n\t\t<\/div>\n\t\t\t\t\t\t<\/div>\n\t\t\t\t<\/div>\n\t\t\t\t<div class=\"elementor-element elementor-element-13cc8c33 elementor-widget elementor-widget-heading\" data-id=\"13cc8c33\" data-element_type=\"widget\" data-widget_type=\"heading.default\">\n\t\t\t\t<div class=\"elementor-widget-container\">\n\t\t\t\t\t<h3 class=\"elementor-heading-title elementor-size-default\">Gemeinsam schneller zum Ziel.<\/h3>\t\t\t\t<\/div>\n\t\t\t\t<\/div>\n\t\t\t\t<div class=\"elementor-element elementor-element-d198fb elementor-widget elementor-widget-text-editor\" data-id=\"d198fb\" data-element_type=\"widget\" data-widget_type=\"text-editor.default\">\n\t\t\t\t<div class=\"elementor-widget-container\">\n\t\t\t\t\t\t\t\t\t<p class=\"\" data-start=\"160\" data-end=\"317\">Im Netzwerk von United Innovations entwickeln Unternehmen gemeinsam L\u00f6sungen \u2013 durch zielgerichtete Workshops, geteiltes Wissen und effiziente Synergien. Gemeinsame Inhalte und Fachressourcen sparen Zeit, senken Kosten und steigern die Qualit\u00e4t.<\/p>\t\t\t\t\t\t\t\t<\/div>\n\t\t\t\t<\/div>\n\t\t\t\t<\/div>\n\t\t<div class=\"elementor-element elementor-element-71d6b1c3 e-con-full e-flex e-con e-child\" data-id=\"71d6b1c3\" data-element_type=\"container\">\n\t\t\t\t<div class=\"elementor-element elementor-element-1d44540d elementor-widget elementor-widget-image\" data-id=\"1d44540d\" data-element_type=\"widget\" data-widget_type=\"image.default\">\n\t\t\t\t<div class=\"elementor-widget-container\">\n\t\t\t\t\t\t\t\t\t\t\t\t\t\t\t<img decoding=\"async\" width=\"1024\" height=\"683\" src=\"https:\/\/www.united-innovations.eu\/wp-content\/uploads\/2026\/04\/Startup_Pokal035-1024x683.jpg\" class=\"attachment-large size-large wp-image-4190\" alt=\"\" srcset=\"https:\/\/www.united-innovations.eu\/wp-content\/uploads\/2026\/04\/Startup_Pokal035-1024x683.jpg 1024w, https:\/\/www.united-innovations.eu\/wp-content\/uploads\/2026\/04\/Startup_Pokal035-300x200.jpg 300w, https:\/\/www.united-innovations.eu\/wp-content\/uploads\/2026\/04\/Startup_Pokal035-768x512.jpg 768w, https:\/\/www.united-innovations.eu\/wp-content\/uploads\/2026\/04\/Startup_Pokal035-1536x1024.jpg 1536w, https:\/\/www.united-innovations.eu\/wp-content\/uploads\/2026\/04\/Startup_Pokal035-1000x667.jpg 1000w, https:\/\/www.united-innovations.eu\/wp-content\/uploads\/2026\/04\/Startup_Pokal035-230x153.jpg 230w, https:\/\/www.united-innovations.eu\/wp-content\/uploads\/2026\/04\/Startup_Pokal035-350x233.jpg 350w, https:\/\/www.united-innovations.eu\/wp-content\/uploads\/2026\/04\/Startup_Pokal035-480x320.jpg 480w, https:\/\/www.united-innovations.eu\/wp-content\/uploads\/2026\/04\/Startup_Pokal035.jpg 1920w\" sizes=\"(max-width: 1024px) 100vw, 1024px\" \/>\t\t\t\t\t\t\t\t\t\t\t\t\t\t\t<\/div>\n\t\t\t\t<\/div>\n\t\t\t\t<\/div>\n\t\t\t\t<\/div>\n\t\t<div class=\"elementor-element elementor-element-405b12c4 e-con-full e-flex e-con e-parent\" data-id=\"405b12c4\" data-element_type=\"container\" data-settings=\"{&quot;background_background&quot;:&quot;classic&quot;}\">\n\t\t<div class=\"elementor-element elementor-element-43d73648 e-con-full e-flex e-con e-child\" data-id=\"43d73648\" data-element_type=\"container\">\n\t\t\t\t<div class=\"elementor-element elementor-element-664cfcf9 elementor-widget elementor-widget-heading\" data-id=\"664cfcf9\" data-element_type=\"widget\" data-widget_type=\"heading.default\">\n\t\t\t\t<div class=\"elementor-widget-container\">\n\t\t\t\t\t<h2 class=\"elementor-heading-title elementor-size-default\">Impulse f\u00fcr Innovation<\/h2>\t\t\t\t<\/div>\n\t\t\t\t<\/div>\n\t\t\t\t<div class=\"elementor-element elementor-element-736b4afd elementor-widget-divider--view-line elementor-widget elementor-widget-divider\" data-id=\"736b4afd\" data-element_type=\"widget\" data-widget_type=\"divider.default\">\n\t\t\t\t<div class=\"elementor-widget-container\">\n\t\t\t\t\t\t\t<div class=\"elementor-divider\">\n\t\t\t<span class=\"elementor-divider-separator\">\n\t\t\t\t\t\t<\/span>\n\t\t<\/div>\n\t\t\t\t\t\t<\/div>\n\t\t\t\t<\/div>\n\t\t\t\t<div class=\"elementor-element elementor-element-4da6074 elementor-widget elementor-widget-heading\" data-id=\"4da6074\" data-element_type=\"widget\" data-widget_type=\"heading.default\">\n\t\t\t\t<div class=\"elementor-widget-container\">\n\t\t\t\t\t<h3 class=\"elementor-heading-title elementor-size-default\">Workshops, Symposien und Summits.<\/h3>\t\t\t\t<\/div>\n\t\t\t\t<\/div>\n\t\t\t\t<div class=\"elementor-element elementor-element-68f24e9f elementor-widget elementor-widget-text-editor\" data-id=\"68f24e9f\" data-element_type=\"widget\" data-widget_type=\"text-editor.default\">\n\t\t\t\t<div class=\"elementor-widget-container\">\n\t\t\t\t\t\t\t\t\t<p>Der Wissensaustausch im Network of Excellence findet \u00fcber verschiedene Formate statt: digitale Insights-Workshops, interaktive Symposien und hochkar\u00e4tig besetzte Summits. Viele Veranstaltungen bieten die M\u00f6glichkeit, unverbindlich einzusteigen, neue Impulse zu gewinnen und das Netzwerk kennenzulernen.<\/p>\t\t\t\t\t\t\t\t<\/div>\n\t\t\t\t<\/div>\n\t\t\t\t<div class=\"elementor-element elementor-element-21a77b6d elementor-align-left elementor-mobile-align-center elementor-invisible elementor-widget elementor-widget-button\" data-id=\"21a77b6d\" data-element_type=\"widget\" data-settings=\"{&quot;_animation&quot;:&quot;fadeInUp&quot;}\" data-widget_type=\"button.default\">\n\t\t\t\t<div class=\"elementor-widget-container\">\n\t\t\t\t\t\t\t\t\t<div class=\"elementor-button-wrapper\">\n\t\t\t\t\t<a class=\"elementor-button elementor-button-link elementor-size-sm\" href=\"https:\/\/dev-techl.eu\/events\/\">\n\t\t\t\t\t\t<span class=\"elementor-button-content-wrapper\">\n\t\t\t\t\t\t\t\t\t<span class=\"elementor-button-text\">Zu den Events<\/span>\n\t\t\t\t\t<\/span>\n\t\t\t\t\t<\/a>\n\t\t\t\t<\/div>\n\t\t\t\t\t\t\t\t<\/div>\n\t\t\t\t<\/div>\n\t\t\t\t<\/div>\n\t\t<div class=\"elementor-element elementor-element-2c5021b5 e-con-full e-flex e-con e-child\" data-id=\"2c5021b5\" data-element_type=\"container\">\n\t\t\t\t<div class=\"elementor-element elementor-element-2d8fae9b elementor-hidden-mobile elementor-widget elementor-widget-image\" data-id=\"2d8fae9b\" data-element_type=\"widget\" data-widget_type=\"image.default\">\n\t\t\t\t<div class=\"elementor-widget-container\">\n\t\t\t\t\t\t\t\t\t\t\t\t\t\t\t<img decoding=\"async\" width=\"950\" height=\"1024\" src=\"https:\/\/www.united-innovations.eu\/wp-content\/uploads\/2026\/04\/Sieger-Startup-Pokal-e1746533326623-950x1024.jpg\" class=\"attachment-large size-large wp-image-4191\" alt=\"\" srcset=\"https:\/\/www.united-innovations.eu\/wp-content\/uploads\/2026\/04\/Sieger-Startup-Pokal-e1746533326623-950x1024.jpg 950w, https:\/\/www.united-innovations.eu\/wp-content\/uploads\/2026\/04\/Sieger-Startup-Pokal-e1746533326623-278x300.jpg 278w, https:\/\/www.united-innovations.eu\/wp-content\/uploads\/2026\/04\/Sieger-Startup-Pokal-e1746533326623-768x828.jpg 768w, https:\/\/www.united-innovations.eu\/wp-content\/uploads\/2026\/04\/Sieger-Startup-Pokal-e1746533326623-1000x1078.jpg 1000w, https:\/\/www.united-innovations.eu\/wp-content\/uploads\/2026\/04\/Sieger-Startup-Pokal-e1746533326623-230x248.jpg 230w, https:\/\/www.united-innovations.eu\/wp-content\/uploads\/2026\/04\/Sieger-Startup-Pokal-e1746533326623-350x377.jpg 350w, https:\/\/www.united-innovations.eu\/wp-content\/uploads\/2026\/04\/Sieger-Startup-Pokal-e1746533326623-480x518.jpg 480w, https:\/\/www.united-innovations.eu\/wp-content\/uploads\/2026\/04\/Sieger-Startup-Pokal-e1746533326623.jpg 1280w\" sizes=\"(max-width: 950px) 100vw, 950px\" \/>\t\t\t\t\t\t\t\t\t\t\t\t\t\t\t<\/div>\n\t\t\t\t<\/div>\n\t\t\t\t<\/div>\n\t\t\t\t<\/div>\n\t\t<div class=\"elementor-element elementor-element-4a97002e e-flex e-con-boxed e-con e-parent\" data-id=\"4a97002e\" data-element_type=\"container\">\n\t\t\t\t\t<div class=\"e-con-inner\">\n\t\t\t\t<div class=\"elementor-element elementor-element-7e69ae81 elementor-widget elementor-widget-heading\" data-id=\"7e69ae81\" data-element_type=\"widget\" data-widget_type=\"heading.default\">\n\t\t\t\t<div class=\"elementor-widget-container\">\n\t\t\t\t\t<h2 class=\"elementor-heading-title elementor-size-default\">Teil des Netzwerks werden<\/h2>\t\t\t\t<\/div>\n\t\t\t\t<\/div>\n\t\t\t\t<div class=\"elementor-element elementor-element-70211236 elementor-widget-divider--view-line elementor-widget elementor-widget-divider\" data-id=\"70211236\" data-element_type=\"widget\" data-widget_type=\"divider.default\">\n\t\t\t\t<div class=\"elementor-widget-container\">\n\t\t\t\t\t\t\t<div class=\"elementor-divider\">\n\t\t\t<span class=\"elementor-divider-separator\">\n\t\t\t\t\t\t<\/span>\n\t\t<\/div>\n\t\t\t\t\t\t<\/div>\n\t\t\t\t<\/div>\n\t\t\t\t<div class=\"elementor-element elementor-element-b8d6be1 elementor-widget elementor-widget-text-editor\" data-id=\"b8d6be1\" data-element_type=\"widget\" data-widget_type=\"text-editor.default\">\n\t\t\t\t<div class=\"elementor-widget-container\">\n\t\t\t\t\t\t\t\t\t<p class=\"\" style=\"text-align: center;\" data-start=\"512\" data-end=\"801\">Sie m\u00f6chten sich aktiv im Network of Excellence einbringen? Wir freuen uns \u00fcber engagierte Unternehmen, die gemeinsam mit uns an Zukunftsthemen arbeiten. Ob in einer Innovationspartnerschaft, bei einem unserer Workshops oder als Distinguished Innovator \u2013 das Netzwerk lebt vom Mitmachen.<\/p><p class=\"\" style=\"text-align: center;\" data-start=\"803\" data-end=\"973\">Durch den regelm\u00e4\u00dfigen Austausch entstehen neue Perspektiven, wertvolle Kooperationen und ein echtes Verst\u00e4ndnis f\u00fcr Herausforderungen, die viele Unternehmen verbinden.<\/p>\t\t\t\t\t\t\t\t<\/div>\n\t\t\t\t<\/div>\n\t\t\t\t<div class=\"elementor-element elementor-element-39fd9441 elementor-align-left elementor-invisible elementor-widget elementor-widget-button\" data-id=\"39fd9441\" data-element_type=\"widget\" data-settings=\"{&quot;_animation&quot;:&quot;fadeInUp&quot;}\" data-widget_type=\"button.default\">\n\t\t\t\t<div class=\"elementor-widget-container\">\n\t\t\t\t\t\t\t\t\t<div class=\"elementor-button-wrapper\">\n\t\t\t\t\t<a class=\"elementor-button elementor-button-link elementor-size-sm\" href=\"https:\/\/dev-techl.eu\/contact\/\">\n\t\t\t\t\t\t<span class=\"elementor-button-content-wrapper\">\n\t\t\t\t\t\t\t\t\t<span class=\"elementor-button-text\">Kontakt<\/span>\n\t\t\t\t\t<\/span>\n\t\t\t\t\t<\/a>\n\t\t\t\t<\/div>\n\t\t\t\t\t\t\t\t<\/div>\n\t\t\t\t<\/div>\n\t\t\t\t\t<\/div>\n\t\t\t\t<\/div>\n\t\t\t\t<\/div>","protected":false},"excerpt":{"rendered":"<p>Innovation durch Vernetzung \u2013 das Network of Excellence Mit dem Network of Excellence, Innovationspartnerschaften und den Distinguished Innovators schaffen wir eine Plattform, [&hellip;]<\/p>","protected":false},"author":2,"featured_media":0,"parent":0,"menu_order":0,"comment_status":"closed","ping_status":"closed","template":"elementor_header_footer","meta":{"footnotes":""},"class_list":["post-4187","page","type-page","status-publish","hentry"],"_links":{"self":[{"href":"https:\/\/www.united-innovations.eu\/de\/wp-json\/wp\/v2\/pages\/4187","targetHints":{"allow":["GET"]}}],"collection":[{"href":"https:\/\/www.united-innovations.eu\/de\/wp-json\/wp\/v2\/pages"}],"about":[{"href":"https:\/\/www.united-innovations.eu\/de\/wp-json\/wp\/v2\/types\/page"}],"author":[{"embeddable":true,"href":"https:\/\/www.united-innovations.eu\/de\/wp-json\/wp\/v2\/users\/2"}],"replies":[{"embeddable":true,"href":"https:\/\/www.united-innovations.eu\/de\/wp-json\/wp\/v2\/comments?post=4187"}],"version-history":[{"count":9,"href":"https:\/\/www.united-innovations.eu\/de\/wp-json\/wp\/v2\/pages\/4187\/revisions"}],"predecessor-version":[{"id":43448,"href":"https:\/\/www.united-innovations.eu\/de\/wp-json\/wp\/v2\/pages\/4187\/revisions\/43448"}],"wp:attachment":[{"href":"https:\/\/www.united-innovations.eu\/de\/wp-json\/wp\/v2\/media?parent=4187"}],"curies":[{"name":"wp","href":"https:\/\/api.w.org\/{rel}","templated":true}]}}