{"id":2541,"date":"2024-08-30T09:57:15","date_gmt":"2024-08-30T07:57:15","guid":{"rendered":"https:\/\/dev-techl.eu\/?page_id=2541"},"modified":"2025-04-02T17:25:49","modified_gmt":"2025-04-02T15:25:49","slug":"jobs","status":"publish","type":"page","link":"https:\/\/www.united-innovations.eu\/de\/jobs\/","title":{"rendered":"Job Table"},"content":{"rendered":"<h2 class=\"wpdt-c\" id=\"wdt-table-title-24\">Stellenanzeigen<\/h2>\n<div class=\"wpdt-c wdt-skin-material\">\n    \n\n    <div class=\"wpDataTables wpDataTablesFilter wpDataTablesWrapper wdt-skin-material data-t\"\n         data-wpdatatable_id=\"24\">\n        <div id=\"filterBox_table_1\" class=\"wpDataTableFilterBox\">\n                                                                                                                                                                <div class=\"wpDataTableFilterSection\"\n                         id=\"table_1_4_filter_sections\">\n                        <label>Location                            :<\/label>\n                        <div id=\"table_1_4_filter\"><\/div>\n                    <\/div>\n                                                                <div class=\"wpDataTableFilterSection\"\n                         id=\"table_1_5_filter_sections\">\n                        <label>Home-Office                            :<\/label>\n                        <div id=\"table_1_5_filter\"><\/div>\n                    <\/div>\n                                                                <div class=\"wpDataTableFilterSection\"\n                         id=\"table_1_6_filter_sections\">\n                        <label>Deadline                            :<\/label>\n                        <div id=\"table_1_6_filter\"><\/div>\n                    <\/div>\n                                                                <div class=\"wpDataTableFilterSection\"\n                         id=\"table_1_7_filter_sections\">\n                        <label>Type                            :<\/label>\n                        <div id=\"table_1_7_filter\"><\/div>\n                    <\/div>\n                                            <div class=\"wpDataTableFilterSection\" id=\"wdt-clear-filters-button-block\">\n                    <button class=\"button btn wdt-clear-filters-button\"\n                            aria-label=\"Clear filters\" role=\"button\"\n                            data-table_id= \"table_1\">Filter l\u00f6schen<\/button>\n                <\/div>\n                                <\/div>\n    <\/div>\n    <input type=\"hidden\" id=\"wdtNonceFrontendServerSide_24\" name=\"wdtNonceFrontendServerSide_24\" value=\"4a30cc9e73\" \/><input type=\"hidden\" name=\"_wp_http_referer\" value=\"\/de\/wp-json\/wp\/v2\/pages\/2541\" \/>    <input type=\"hidden\" id=\"table_1_desc\"\n           value='{\"tableId\":\"table_1\",\"tableType\":\"mysql\",\"selector\":\"#table_1\",\"responsive\":true,\"responsiveAction\":\"icon\",\"editable\":false,\"inlineEditing\":false,\"infoBlock\":true,\"pagination_top\":0,\"pagination\":1,\"paginationAlign\":\"right\",\"paginationLayout\":\"full_numbers\",\"paginationLayoutMobile\":\"simple\",\"file_location\":\"wp_media_lib\",\"tableSkin\":\"material\",\"table_wcag\":0,\"simple_template_id\":0,\"scrollable\":false,\"fixedLayout\":true,\"globalSearch\":true,\"showRowsPerPage\":false,\"popoverTools\":false,\"loader\":1,\"showCartInformation\":1,\"hideBeforeLoad\":true,\"number_format\":1,\"decimalPlaces\":2,\"spinnerSrc\":\"https:\\\/\\\/www.united-innovations.eu\\\/wp-content\\\/plugins\\\/wpdatatables\\\/assets\\\/\\\/img\\\/spinner.gif\",\"groupingEnabled\":false,\"tableWpId\":24,\"dataTableParams\":{\"sDom\":\"BT\\u003C\\u0027clear\\u0027\\u003Eftip\",\"bSortCellsTop\":false,\"bFilter\":true,\"bPaginate\":true,\"sPaginationType\":\"full_numbers\",\"aLengthMenu\":[[1,5,10,25,50,100,-1],[1,5,10,25,50,100,\"Alle\"]],\"iDisplayLength\":10,\"columnDefs\":[{\"sType\":\"string\",\"wdtType\":\"string\",\"bVisible\":true,\"orderable\":true,\"searchable\":true,\"InputType\":\"none\",\"name\":\"Job\",\"origHeader\":\"Job\",\"notNull\":false,\"conditionalFormattingRules\":[],\"transformValueRules\":\"\\u003Ch3\\u003E\\u003Ca href=\\u0022{Action.value}\\u0022\\u003E{Job.value}\\u003C\\\/a\\u003E\\u003C\\\/h3\\u003E\\n\\u003Cp\\u003E\\u003Cstrong\\u003EOrganization: \\u003C\\\/strong\\u003E {Organization.value} \\u003C\\\/p\\u003E\\n\\u003Cp\\u003E{Description.value}\\u003C\\\/p\\u003E\\n\",\"className\":\" column-job\",\"sWidth\":\"50%\",\"aTargets\":[0]},{\"sType\":\"string\",\"wdtType\":\"string\",\"bVisible\":false,\"orderable\":false,\"searchable\":false,\"InputType\":\"none\",\"name\":\"Organization\",\"origHeader\":\"Organization\",\"notNull\":false,\"conditionalFormattingRules\":[],\"transformValueRules\":\"\",\"className\":\" column-organization\",\"aTargets\":[1]},{\"sType\":\"string\",\"wdtType\":\"string\",\"bVisible\":false,\"orderable\":false,\"searchable\":false,\"InputType\":\"none\",\"name\":\"Description\",\"origHeader\":\"Description\",\"notNull\":false,\"conditionalFormattingRules\":[],\"transformValueRules\":\"\",\"className\":\" column-description\",\"aTargets\":[2]},{\"sType\":\"string\",\"wdtType\":\"string\",\"bVisible\":false,\"orderable\":false,\"searchable\":false,\"InputType\":\"none\",\"name\":\"Action\",\"origHeader\":\"Action\",\"notNull\":false,\"conditionalFormattingRules\":[],\"transformValueRules\":\"\",\"className\":\" column-action\",\"aTargets\":[3]},{\"sType\":\"string\",\"wdtType\":\"string\",\"bVisible\":true,\"orderable\":true,\"searchable\":true,\"InputType\":\"none\",\"name\":\"Location\",\"origHeader\":\"Location\",\"notNull\":false,\"conditionalFormattingRules\":[],\"transformValueRules\":\"\\u003Cp\\u003E{Location.value}\\u003Cbr\\u003E{HomeOffice.value} &#127969; &#10004;\\u003C\\\/p\\u003E\",\"className\":\" column-location\",\"aTargets\":[4]},{\"sType\":\"string\",\"wdtType\":\"string\",\"bVisible\":false,\"orderable\":false,\"searchable\":true,\"InputType\":\"none\",\"name\":\"HomeOffice\",\"origHeader\":\"HomeOffice\",\"notNull\":false,\"conditionalFormattingRules\":[],\"transformValueRules\":\"\",\"className\":\" column-homeoffice\",\"aTargets\":[5]},{\"sType\":\"date-custom\",\"wdtType\":\"date\",\"bVisible\":true,\"orderable\":true,\"searchable\":true,\"InputType\":\"none\",\"name\":\"Deadline\",\"origHeader\":\"Deadline\",\"notNull\":false,\"conditionalFormattingRules\":[],\"transformValueRules\":\"\",\"className\":\" column-deadline\",\"aTargets\":[6]},{\"sType\":\"string\",\"wdtType\":\"string\",\"bVisible\":false,\"orderable\":true,\"searchable\":true,\"InputType\":\"none\",\"name\":\"Type\",\"origHeader\":\"Type\",\"notNull\":false,\"conditionalFormattingRules\":[],\"transformValueRules\":\"\",\"className\":\" column-type\",\"aTargets\":[7]}],\"bAutoWidth\":false,\"order\":[[6,\"desc\"]],\"ordering\":true,\"fixedHeader\":{\"header\":false,\"headerOffset\":0},\"fixedColumns\":false,\"buttons\":[{\"extend\":\"print\",\"exportOptions\":{\"columns\":\":visible\",\"stripHtml\":true},\"className\":\"DTTT_button DTTT_button_print\",\"title\":\"Jobs\",\"text\":\"Drucken\"},{\"extend\":\"excelHtml5\",\"exportOptions\":{\"columns\":\":visible\",\"stripHtml\":true},\"className\":\"DTTT_button DTTT_button_xls\",\"filename\":\"Jobs\",\"title\":null,\"text\":\"Excel\"},{\"extend\":\"csvHtml5\",\"exportOptions\":{\"columns\":\":visible\",\"stripHtml\":true},\"className\":\"DTTT_button DTTT_button_csv\",\"title\":\"Jobs\",\"text\":\"CSV\"},{\"extend\":\"copyHtml5\",\"exportOptions\":{\"columns\":\":visible\",\"stripHtml\":true},\"className\":\"DTTT_button DTTT_button_copy\",\"filename\":\"Jobs\",\"title\":null,\"text\":\"Kopieren\"}],\"oLanguage\":{\"sSearchPlaceholder\":\"\"},\"bProcessing\":false,\"serverSide\":true,\"ajax\":{\"url\":\"https:\\\/\\\/www.united-innovations.eu\\\/wp-admin\\\/admin-ajax.php?action=get_wdtable&table_id=24\",\"type\":\"POST\"},\"oSearch\":{\"bSmart\":false,\"bRegex\":false,\"sSearch\":\"\"}},\"customRowDisplay\":\"\",\"tabletWidth\":\"1024\",\"mobileWidth\":\"480\",\"renderFilter\":\"header\",\"advancedFilterEnabled\":true,\"advancedFilterOptions\":{\"sPlaceHolder\":\"head:before\",\"aoColumns\":[{\"type\":\"null\",\"columnType\":\"string\",\"numberOfDecimalPlaces\":\"2\",\"possibleValuesType\":\"read\",\"globalSearchColumn\":1,\"values\":null,\"origHeader\":\"Job\",\"displayHeader\":\"Job\",\"possibleValuesAddEmpty\":false,\"possibleValuesAjax\":10,\"column_align_fields\":\"\",\"defaultValue\":\"\",\"column_align_header\":\"\",\"column_rotate_header_name\":\"\",\"exactFiltering\":false,\"filterLabel\":\"\",\"searchInSelectBox\":1,\"searchInSelectBoxEditing\":false,\"checkboxesInModal\":0,\"andLogic\":0,\"linkButtonLabel\":\"\",\"rangeSlider\":false,\"rangeMaxValueDisplay\":\"default\",\"customMaxRangeValue\":\"0\",\"sSelector\":\"#table_1_0_filter\"},{\"type\":\"null\",\"columnType\":\"string\",\"numberOfDecimalPlaces\":\"2\",\"possibleValuesType\":\"read\",\"globalSearchColumn\":0,\"values\":null,\"origHeader\":\"Organization\",\"displayHeader\":\"Organization\",\"possibleValuesAddEmpty\":false,\"possibleValuesAjax\":10,\"column_align_fields\":\"\",\"defaultValue\":\"\",\"column_align_header\":\"\",\"column_rotate_header_name\":\"\",\"exactFiltering\":false,\"filterLabel\":\"\",\"searchInSelectBox\":1,\"searchInSelectBoxEditing\":false,\"checkboxesInModal\":0,\"andLogic\":0,\"linkButtonLabel\":\"\",\"rangeSlider\":false,\"rangeMaxValueDisplay\":\"default\",\"customMaxRangeValue\":\"0\",\"sSelector\":\"#table_1_1_filter\"},{\"type\":\"null\",\"columnType\":\"string\",\"numberOfDecimalPlaces\":\"2\",\"possibleValuesType\":\"read\",\"globalSearchColumn\":0,\"values\":null,\"origHeader\":\"Description\",\"displayHeader\":\"Description\",\"possibleValuesAddEmpty\":false,\"possibleValuesAjax\":10,\"column_align_fields\":\"\",\"defaultValue\":\"\",\"column_align_header\":\"\",\"column_rotate_header_name\":\"\",\"exactFiltering\":false,\"filterLabel\":\"\",\"searchInSelectBox\":1,\"searchInSelectBoxEditing\":false,\"checkboxesInModal\":0,\"andLogic\":0,\"linkButtonLabel\":\"\",\"rangeSlider\":false,\"rangeMaxValueDisplay\":\"default\",\"customMaxRangeValue\":\"0\",\"sSelector\":\"#table_1_2_filter\"},{\"type\":\"null\",\"columnType\":\"string\",\"numberOfDecimalPlaces\":\"2\",\"possibleValuesType\":\"read\",\"globalSearchColumn\":0,\"values\":null,\"origHeader\":\"Action\",\"displayHeader\":\"Action\",\"possibleValuesAddEmpty\":false,\"possibleValuesAjax\":-1,\"column_align_fields\":\"\",\"defaultValue\":\"\",\"column_align_header\":\"\",\"column_rotate_header_name\":\"\",\"exactFiltering\":false,\"filterLabel\":\"\",\"searchInSelectBox\":1,\"searchInSelectBoxEditing\":false,\"checkboxesInModal\":0,\"andLogic\":0,\"linkButtonLabel\":\"\",\"rangeSlider\":false,\"rangeMaxValueDisplay\":\"default\",\"customMaxRangeValue\":\"0\",\"sSelector\":\"#table_1_3_filter\"},{\"type\":\"text\",\"columnType\":\"string\",\"numberOfDecimalPlaces\":\"2\",\"possibleValuesType\":\"read\",\"globalSearchColumn\":1,\"values\":null,\"origHeader\":\"Location\",\"displayHeader\":\"Location\",\"possibleValuesAddEmpty\":false,\"possibleValuesAjax\":10,\"column_align_fields\":\"\",\"defaultValue\":\"\",\"column_align_header\":\"\",\"column_rotate_header_name\":\"\",\"exactFiltering\":false,\"filterLabel\":\"\",\"searchInSelectBox\":1,\"searchInSelectBoxEditing\":false,\"checkboxesInModal\":0,\"andLogic\":0,\"linkButtonLabel\":\"\",\"rangeSlider\":false,\"rangeMaxValueDisplay\":\"default\",\"customMaxRangeValue\":\"0\",\"sSelector\":\"#table_1_4_filter\"},{\"type\":\"multiselect\",\"columnType\":\"string\",\"numberOfDecimalPlaces\":\"2\",\"possibleValuesType\":\"read\",\"globalSearchColumn\":1,\"values\":[{\"value\":\"Partially remote\",\"label\":\"Partially remote\"}],\"origHeader\":\"HomeOffice\",\"displayHeader\":\"Home-Office\",\"possibleValuesAddEmpty\":false,\"possibleValuesAjax\":10,\"column_align_fields\":\"\",\"defaultValue\":\"\",\"column_align_header\":\"\",\"column_rotate_header_name\":\"\",\"exactFiltering\":false,\"filterLabel\":\"\",\"searchInSelectBox\":1,\"searchInSelectBoxEditing\":false,\"checkboxesInModal\":0,\"andLogic\":0,\"linkButtonLabel\":\"\",\"rangeSlider\":false,\"rangeMaxValueDisplay\":\"default\",\"customMaxRangeValue\":\"0\",\"sSelector\":\"#table_1_5_filter\"},{\"type\":\"date-range\",\"columnType\":\"date\",\"numberOfDecimalPlaces\":\"2\",\"possibleValuesType\":\"read\",\"globalSearchColumn\":1,\"values\":null,\"origHeader\":\"Deadline\",\"displayHeader\":\"Deadline\",\"possibleValuesAddEmpty\":false,\"possibleValuesAjax\":-1,\"column_align_fields\":\"\",\"defaultValue\":[\"\",\"\"],\"column_align_header\":\"\",\"column_rotate_header_name\":\"\",\"exactFiltering\":false,\"filterLabel\":\"\",\"searchInSelectBox\":1,\"searchInSelectBoxEditing\":false,\"checkboxesInModal\":0,\"andLogic\":0,\"linkButtonLabel\":\"\",\"rangeSlider\":false,\"rangeMaxValueDisplay\":\"default\",\"customMaxRangeValue\":\"0\",\"sSelector\":\"#table_1_6_filter\"},{\"type\":\"checkbox\",\"columnType\":\"string\",\"numberOfDecimalPlaces\":\"2\",\"possibleValuesType\":\"read\",\"globalSearchColumn\":1,\"values\":[{\"value\":\"Job\",\"label\":\"Job\"}],\"origHeader\":\"Type\",\"displayHeader\":\"Type\",\"possibleValuesAddEmpty\":false,\"possibleValuesAjax\":10,\"column_align_fields\":\"\",\"defaultValue\":[\"Coaching\",\"Job\"],\"column_align_header\":\"\",\"column_rotate_header_name\":\"\",\"exactFiltering\":false,\"filterLabel\":\"\",\"searchInSelectBox\":1,\"searchInSelectBoxEditing\":false,\"checkboxesInModal\":0,\"andLogic\":0,\"linkButtonLabel\":\"\",\"rangeSlider\":false,\"rangeMaxValueDisplay\":\"default\",\"customMaxRangeValue\":\"0\",\"sSelector\":\"#table_1_7_filter\"}],\"bUseColVis\":true},\"filterInForm\":true,\"serverSide\":true,\"autoRefreshInterval\":0,\"processing\":true,\"fnServerData\":true,\"columnsFixed\":0,\"sumFunctionsLabel\":\"\",\"avgFunctionsLabel\":\"\",\"minFunctionsLabel\":\"\",\"maxFunctionsLabel\":\"\",\"columnsDecimalPlaces\":{\"Job\":-1,\"Organization\":-1,\"Description\":-1,\"Action\":-1,\"Location\":-1,\"HomeOffice\":-1,\"Deadline\":-1,\"Type\":-1},\"columnsThousandsSeparator\":[],\"sumColumns\":[],\"avgColumns\":[],\"sumAvgColumns\":[],\"transform_value_columns\":[\"Job\",\"Location\"],\"timeFormat\":\"H:i\",\"datepickFormat\":\"dd.mm.yy\"}'\/>\n\n    <table id=\"table_1\"\n           class=\"responsive display nowrap wdt-no-display data-t data-t wpDataTable wpDataTableID-24\"\n           style=\"display: none; \"\n           data-described-by='table_1_desc'\n           data-wpdatatable_id=\"24\">\n        \n        <!-- Table header -->\n        \n<thead>\n<tr>\n                    <th\n        data-class=\"expand\"                class=\"wdtheader sort\"\n        style=\"\">        Job<\/th>        <th\n                        class=\"wdtheader\"\n        style=\"\">        Organization<\/th>        <th\n                        class=\"wdtheader\"\n        style=\"\">        Description<\/th>        <th\n                        class=\"wdtheader\"\n        style=\"\">        Action<\/th>        <th\n                data-hide=\"phone,tablet\"        class=\"phone,tablet wdtheader sort\"\n        style=\"\">        Ort<\/th>        <th\n                        class=\"wdtheader\"\n        style=\"\">        Home-Office<\/th>        <th\n                data-hide=\"phone,tablet\"        class=\"phone,tablet wdtheader sort\"\n        style=\"\">        Bewerbungsschluss<\/th>        <th\n                        class=\"wdtheader sort\"\n        style=\"\">        Type<\/th>    <\/tr>\n<\/thead>\n        <!-- \/Table header -->\n\n        <!-- Table body -->\n        \n<tbody>\n<!-- Table body -->\n<div data-id=\"24\"\n     class=\"wdt-timeline-item wdt-timeline-table_1\"\n     style=\"\">\n    <div class=\"wdt-table-loader\">\n        <div class=\"wdt-table-loader-row wdt-table-loader-header\">\n            <div class=\"wdt-table-loader-header-cell wdt-animated-background\"><\/div>\n            <div class=\"wdt-table-loader-header-cell wdt-animated-background\"><\/div>\n            <div class=\"wdt-table-loader-header-cell wdt-animated-background\"><\/div>\n        <\/div>\n                    <div class=\"wdt-table-loader-row\">\n                <div class=\"wdt-table-loader-cell wdt-animated-background\"><\/div>\n                <div class=\"wdt-table-loader-cell wdt-animated-background\"><\/div>\n                <div class=\"wdt-table-loader-cell wdt-animated-background\"><\/div>\n            <\/div>\n                    <div class=\"wdt-table-loader-row\">\n                <div class=\"wdt-table-loader-cell wdt-animated-background\"><\/div>\n                <div class=\"wdt-table-loader-cell wdt-animated-background\"><\/div>\n                <div class=\"wdt-table-loader-cell wdt-animated-background\"><\/div>\n            <\/div>\n                    <div class=\"wdt-table-loader-row\">\n                <div class=\"wdt-table-loader-cell wdt-animated-background\"><\/div>\n                <div class=\"wdt-table-loader-cell wdt-animated-background\"><\/div>\n                <div class=\"wdt-table-loader-cell wdt-animated-background\"><\/div>\n            <\/div>\n                    <div class=\"wdt-table-loader-row\">\n                <div class=\"wdt-table-loader-cell wdt-animated-background\"><\/div>\n                <div class=\"wdt-table-loader-cell wdt-animated-background\"><\/div>\n                <div class=\"wdt-table-loader-cell wdt-animated-background\"><\/div>\n            <\/div>\n                    <div class=\"wdt-table-loader-row\">\n                <div class=\"wdt-table-loader-cell wdt-animated-background\"><\/div>\n                <div class=\"wdt-table-loader-cell wdt-animated-background\"><\/div>\n                <div class=\"wdt-table-loader-cell wdt-animated-background\"><\/div>\n            <\/div>\n            <\/div>\n<\/div><!-- \/Table body -->\n                    <tr id=\"table_24_row_0\"\n            data-row-index=\"0\">\n                            <td style=\"\">Test<\/td>\n                            <td style=\"\">Test<\/td>\n                            <td style=\"\">Testing this Form...<\/td>\n                            <td style=\"\">https:\/\/united-innovations.eu\/jobs_view\/entry\/1889<\/td>\n                            <td style=\"\"><\/td>\n                            <td style=\"\">Partially remote<\/td>\n                            <td style=\"\">31.10.2026<\/td>\n                            <td style=\"\"><\/td>\n                    <\/tr>\n                            <tr id=\"table_24_row_1\"\n            data-row-index=\"1\">\n                            <td style=\"\">Sales Development Representative (m\/w\/d) \u2013 Mid-Market &amp; Enterprise<\/td>\n                            <td style=\"\">Mercury.ai<\/td>\n                            <td style=\"\">Sales Development Representative (m\/w\/d) \u2013 Mid-Market &amp; Enterprise\r\n\r\nIn der Rolle als SDR bist du Erstkontakt und strategischer Scout. Du hilfst CDOs, IT-Verantwortlichen und Service-Leitern dabei, das Potenzial von Conversational AI f\u00fcr ihre spezifischen Fachprobleme zu erkennen - vom automatisierten Ticket-Handling bis zur transaktionalen Kundenreise.\r\n\r\nDeine Aufgaben\r\n- Outbound Prospecting: ...<\/td>\n                            <td style=\"\">https:\/\/united-innovations.eu\/jobs_view\/entry\/2372<\/td>\n                            <td style=\"\">Bielefeld Innenstadt \/ Remote<\/td>\n                            <td style=\"\">Partially remote<\/td>\n                            <td style=\"\">31.12.2027<\/td>\n                            <td style=\"\">Job<\/td>\n                    <\/tr>\n                            <tr id=\"table_24_row_2\"\n            data-row-index=\"2\">\n                            <td style=\"\">Werkstudent (m\/w\/d) Solution Engineering &amp; Chat Design<\/td>\n                            <td style=\"\">Mercury.ai<\/td>\n                            <td style=\"\">Werkstudent (m\/w\/d) Solution Engineering &amp; Chat Design\r\nViele Chatbots scheitern an ungenauen Antworten oder fehlender Prozesstiefe. Wir l\u00f6sen dieses Problem, indem wir generative KI mit kontrollierten Dialogabl\u00e4ufen verbinden. Als Teil unseres Teams sorgst du daf\u00fcr, dass diese Technologie f\u00fcr unsere Kunden in echten Mehrwert \u00fcbersetzt wird.\r\n\r\nDeine Aufgaben\r\n- Du konzipierst und baust \u00fcberzeugen...<\/td>\n                            <td style=\"\">https:\/\/united-innovations.eu\/jobs_view\/entry\/2373<\/td>\n                            <td style=\"\"><\/td>\n                            <td style=\"\">Partially remote<\/td>\n                            <td style=\"\">31.12.2027<\/td>\n                            <td style=\"\">Job<\/td>\n                    <\/tr>\n                            <tr id=\"table_24_row_3\"\n            data-row-index=\"3\">\n                            <td style=\"\">Senior AI Engineer - Model Architecture &amp; Performance (m\/w\/d)<\/td>\n                            <td style=\"\">Mercury.ai<\/td>\n                            <td style=\"\">Senior AI Engineer - Model Architecture &amp; Performance (m\/w\/d)\r\nIm Enterprise-Umfeld sind zwei Faktoren entscheidend: Pr\u00e4zision und Geschwindigkeit. Du bist daf\u00fcr verantwortlich, unsere Modellarchitektur so weiterzuentwickeln, dass sie auch bei komplexen Aufgaben (z. B. durch den Einsatz von Diffusionsmodellen) minimale Latenzzeiten aufweist. Du schlie\u00dft die L\u00fccke zwischen theoretischer Spitzenfors...<\/td>\n                            <td style=\"\">https:\/\/united-innovations.eu\/jobs_view\/entry\/2374<\/td>\n                            <td style=\"\"><\/td>\n                            <td style=\"\">Partially remote<\/td>\n                            <td style=\"\">31.12.2027<\/td>\n                            <td style=\"\">Job<\/td>\n                    <\/tr>\n            <\/tbody>        <!-- \/Table body -->\n\n        <!-- Table footer -->\n        \n        <!-- \/Table footer -->\n    <\/table>\n\n<\/div><style>\ntable.wpDataTable { table-layout: fixed !important; }\ntable.wpDataTable td, table.wpDataTable th { white-space: normal !important; }\nthead th {\n    font-weight: 500;\n    text-align: left;\n    font-size: 20px; \/* Etwas gr\u00f6\u00dfere Schriftgr\u00f6\u00dfe f\u00fcr den Tabellenkopf *\/\n    color: #142e2c; \/* Prim\u00e4re Schriftfarbe *\/\n}\n\ntbody td {\n    padding: 16px 20px; \/* Gr\u00f6\u00dferes Padding f\u00fcr mehr Platz *\/\n    color: #142e2c; \/* Prim\u00e4re Schriftfarbe *\/\n    font-weight: 400;\n    text-align: left;\n    font-size: 14px; \/* Gr\u00f6\u00dfere Schriftgr\u00f6\u00dfe f\u00fcr den Tabelleninhalt *\/\n    border-right: none; \/* Keine Trennlinie zwischen Spalten *\/\n}\n\n.company_logo {\n    cursor: default !important;\n}\n\n.company_logo img {\n    padding: 5px;\n    max-height: 200px;\n    max-width: 100%;\n    margin: 0 auto;\n}\n\n.wpDataTables tbody tr:hover td.company_logo {\n    background-color: white !important;\n}table.wpDataTable td.numdata { text-align: right !important; }\n<\/style>\n<style>\n                    \n                                                                                    .wpdt-c .wpDataTablesWrapper table.wpDataTable thead tr:nth-child(2) th {\n        overflow: visible;\n    }\n\n            \/* table font color *\/\n    .wpdt-c.wpDataTablesWrapper table.wpdtSimpleTable,\n    .wpdt-c .wpDataTablesWrapper table.wpDataTable {\n        font-family: Tahoma, Geneva, sans-serif !important;\n    }\n\n                \n                <\/style>\n<style>\n<\/style>","protected":false},"excerpt":{"rendered":"","protected":false},"author":2,"featured_media":1027,"parent":0,"menu_order":0,"comment_status":"closed","ping_status":"closed","template":"page-templates\/page_front-page.php","meta":{"footnotes":""},"class_list":["post-2541","page","type-page","status-publish","has-post-thumbnail","hentry"],"_links":{"self":[{"href":"https:\/\/www.united-innovations.eu\/de\/wp-json\/wp\/v2\/pages\/2541","targetHints":{"allow":["GET"]}}],"collection":[{"href":"https:\/\/www.united-innovations.eu\/de\/wp-json\/wp\/v2\/pages"}],"about":[{"href":"https:\/\/www.united-innovations.eu\/de\/wp-json\/wp\/v2\/types\/page"}],"author":[{"embeddable":true,"href":"https:\/\/www.united-innovations.eu\/de\/wp-json\/wp\/v2\/users\/2"}],"replies":[{"embeddable":true,"href":"https:\/\/www.united-innovations.eu\/de\/wp-json\/wp\/v2\/comments?post=2541"}],"version-history":[{"count":2,"href":"https:\/\/www.united-innovations.eu\/de\/wp-json\/wp\/v2\/pages\/2541\/revisions"}],"predecessor-version":[{"id":2543,"href":"https:\/\/www.united-innovations.eu\/de\/wp-json\/wp\/v2\/pages\/2541\/revisions\/2543"}],"wp:featuredmedia":[{"embeddable":true,"href":"https:\/\/www.united-innovations.eu\/de\/wp-json\/wp\/v2\/media\/1027"}],"wp:attachment":[{"href":"https:\/\/www.united-innovations.eu\/de\/wp-json\/wp\/v2\/media?parent=2541"}],"curies":[{"name":"wp","href":"https:\/\/api.w.org\/{rel}","templated":true}]}}