{"id":2506,"date":"2024-08-05T14:23:39","date_gmt":"2024-08-05T12:23:39","guid":{"rendered":"https:\/\/dev-techl.eu\/?page_id=2506"},"modified":"2025-10-29T11:57:44","modified_gmt":"2025-10-29T10:57:44","slug":"impressum","status":"publish","type":"page","link":"https:\/\/www.united-innovations.eu\/de\/impressum\/","title":{"rendered":"Impressum"},"content":{"rendered":"<div data-elementor-type=\"wp-page\" data-elementor-id=\"2506\" class=\"elementor elementor-2506\">\n\t\t\t\t\t\t<section class=\"elementor-section elementor-top-section elementor-element elementor-element-5e02ce6 elementor-section-boxed elementor-section-height-default elementor-section-height-default\" data-id=\"5e02ce6\" data-element_type=\"section\">\n\t\t\t\t\t\t<div class=\"elementor-container elementor-column-gap-default\">\n\t\t\t\t\t<div class=\"elementor-column elementor-col-100 elementor-top-column elementor-element elementor-element-7fab3fa\" data-id=\"7fab3fa\" data-element_type=\"column\">\n\t\t\t<div class=\"elementor-widget-wrap elementor-element-populated\">\n\t\t\t\t\t\t<div class=\"elementor-element elementor-element-8a63a7a elementor-widget elementor-widget-text-editor\" data-id=\"8a63a7a\" data-element_type=\"widget\" data-widget_type=\"text-editor.default\">\n\t\t\t\t<div class=\"elementor-widget-container\">\n\t\t\t\t\t\t\t\t\t<p>Verantwortlich f\u00fcr diese Webseite im Sinne des Presserechts ist die GFFT Technologies GmbH. Alle verlagsrechtlichen Belange einschlie\u00dflich der Verbreitung der Inhalte \u00fcber das Internet, den Abonnement-Service, den rechtlichen Schutz usw. werden von der GFFT Technologies GmbH bearbeitet.<\/p><p><strong>GFFT Technologies GmbH<\/strong><br \/>Niddastra\u00dfe 6<br \/>61118 Bad Vilbel<br \/>Telefon: +49 6101 95498-10<br \/>Fax: +49 6101 95498-11<br \/>E-Mail: <i><\/i><a href=\"mailto:info@gfft-technologies.de\">info@united-innovations.eu<\/a><\/p><p>(Ihre Anfrage wird entsprechend unserer <a href=\"https:\/\/dev-techl.eu\/datenschutzerklaerung\/\">Datenschutzerkl\u00e4rung <\/a>verarbeitet.)<\/p><p><strong>Registergericht<\/strong><br \/>Firmensitz\/Registergericht: Bad Vilbel<br \/>Amtsgericht Frankfurt am Main<br \/>HRB 72644<br \/>USt.-IDNr. DE217999123<\/p><p><strong>Management<\/strong><br \/>Dr. Gerd Gro\u00dfe (Gesch\u00e4ftsf\u00fchrer)<\/p><p><strong>Rechtliche Hinweise zur Haftung:<\/strong><br \/>Die GFFT Technologies GmbH ist um Richtigkeit und Aktualit\u00e4t der auf dieser Internetpr\u00e4senz bereitgestellten Informationen bem\u00fcht. Trotzdem k\u00f6nnen Fehler und Unklarheiten nicht vollst\u00e4ndig ausgeschlossen werden. Die GFFT Technologies GmbH \u00fcbernimmt deshalb keine Gew\u00e4hr f\u00fcr die Aktualit\u00e4t, Richtigkeit, Vollst\u00e4ndigkeit oder Qualit\u00e4t der bereitgestellten Informationen. F\u00fcr Sch\u00e4den materieller oder immaterieller Art, die durch die Nutzung oder Nichtnutzung der dargebotenen Informationen bzw. durch die Nutzung fehlerhafter und unvollst\u00e4ndiger Informationen unmittelbar oder mittelbar verursacht werden, haftet die GFFT Technologies GmbH nicht, sofern ihr nicht nachweislich vors\u00e4tzliches oder grob fahrl\u00e4ssiges Verschulden zur Last f\u00e4llt. Gleiches gilt f\u00fcr kostenlos zum Download bereitgehaltene Publikationen und Software. Die GFFT Technologies GmbH beh\u00e4lt es sich vor, Teile des Internetangebots oder das gesamte Angebot ohne gesonderte Ank\u00fcndigung zu ver\u00e4ndern, zu erg\u00e4nzen, zu l\u00f6schen oder die Ver\u00f6ffentlichung zeitweise oder endg\u00fcltig einzustellen.<\/p><p>Die Verantwortlichkeit f\u00fcr \u201efremde Inhalte\u201c, die beispielsweise durch direkte oder indirekte Verkn\u00fcpfungen (z.B. so genannte \u201eLinks\u201c) zu anderen Anbietern bereit gehalten werden, unterliegen nicht unserer Verantwortlichkeit. \u201eFremde Inhalte\u201c sind in geeigneter Weise gekennzeichnet. Die GFFT Technologies GmbH hat auf \u201efremde Inhalte\u201c keinerlei Einfluss und macht sich diese Inhalte auch nicht zu Eigen. Die GFFT Innovationsf\u00f6rderung GmbH hat keine Kenntnis \u00fcber rechtswidrige oder anst\u00f6\u00dfige Inhalte auf den mit ihrer Internetpr\u00e4senz verkn\u00fcpften Seiten fremder Anbieter. Sollten auf den verkn\u00fcpften Seiten fremder Anbieter dennoch rechtswidrige oder anst\u00f6\u00dfige Inhalte enthalten sein, so distanziert sich die GFFT Technologies GmbH von diesen Inhalten ausdr\u00fccklich.<\/p><p>Gesch\u00fctzte Marken und Namen, Bilder und Texte werden auf unseren Seiten in der Regel nicht als solche kenntlich gemacht. Das Fehlen einer solchen Kennzeichnung bedeutet jedoch nicht, dass es sich um einen freien Namen, ein freies Bild oder einen freien Text im Sinne des Markenzeichenrechts handelt.<\/p>\t\t\t\t\t\t\t\t<\/div>\n\t\t\t\t<\/div>\n\t\t\t\t\t<\/div>\n\t\t<\/div>\n\t\t\t\t\t<\/div>\n\t\t<\/section>\n\t\t\t\t<\/div>","protected":false},"excerpt":{"rendered":"<p>Verantwortlich f\u00fcr diese Webseite im Sinne des Presserechts ist die GFFT Technologies GmbH. Alle verlagsrechtlichen Belange einschlie\u00dflich der Verbreitung der Inhalte \u00fcber [&hellip;]<\/p>","protected":false},"author":4,"featured_media":1027,"parent":0,"menu_order":0,"comment_status":"closed","ping_status":"closed","template":"","meta":{"footnotes":""},"class_list":["post-2506","page","type-page","status-publish","has-post-thumbnail","hentry"],"_links":{"self":[{"href":"https:\/\/www.united-innovations.eu\/de\/wp-json\/wp\/v2\/pages\/2506","targetHints":{"allow":["GET"]}}],"collection":[{"href":"https:\/\/www.united-innovations.eu\/de\/wp-json\/wp\/v2\/pages"}],"about":[{"href":"https:\/\/www.united-innovations.eu\/de\/wp-json\/wp\/v2\/types\/page"}],"author":[{"embeddable":true,"href":"https:\/\/www.united-innovations.eu\/de\/wp-json\/wp\/v2\/users\/4"}],"replies":[{"embeddable":true,"href":"https:\/\/www.united-innovations.eu\/de\/wp-json\/wp\/v2\/comments?post=2506"}],"version-history":[{"count":7,"href":"https:\/\/www.united-innovations.eu\/de\/wp-json\/wp\/v2\/pages\/2506\/revisions"}],"predecessor-version":[{"id":2516,"href":"https:\/\/www.united-innovations.eu\/de\/wp-json\/wp\/v2\/pages\/2506\/revisions\/2516"}],"wp:featuredmedia":[{"embeddable":true,"href":"https:\/\/www.united-innovations.eu\/de\/wp-json\/wp\/v2\/media\/1027"}],"wp:attachment":[{"href":"https:\/\/www.united-innovations.eu\/de\/wp-json\/wp\/v2\/media?parent=2506"}],"curies":[{"name":"wp","href":"https:\/\/api.w.org\/{rel}","templated":true}]}}