{"id":2501,"date":"2024-08-05T14:17:56","date_gmt":"2024-08-05T12:17:56","guid":{"rendered":"https:\/\/dev-techl.eu\/?page_id=2501"},"modified":"2025-10-29T11:54:12","modified_gmt":"2025-10-29T10:54:12","slug":"datenschutz","status":"publish","type":"page","link":"https:\/\/www.united-innovations.eu\/de\/datenschutz\/","title":{"rendered":"Datenschutz"},"content":{"rendered":"<div data-elementor-type=\"wp-page\" data-elementor-id=\"2501\" class=\"elementor elementor-2501\">\n\t\t\t\t\t\t<section class=\"elementor-section elementor-top-section elementor-element elementor-element-31b5d24 elementor-section-boxed elementor-section-height-default elementor-section-height-default\" data-id=\"31b5d24\" data-element_type=\"section\">\n\t\t\t\t\t\t<div class=\"elementor-container elementor-column-gap-default\">\n\t\t\t\t\t<div class=\"elementor-column elementor-col-100 elementor-top-column elementor-element elementor-element-e4a8f9c\" data-id=\"e4a8f9c\" data-element_type=\"column\">\n\t\t\t<div class=\"elementor-widget-wrap elementor-element-populated\">\n\t\t\t\t\t\t<div class=\"elementor-element elementor-element-cb80be1 elementor-widget elementor-widget-text-editor\" data-id=\"cb80be1\" data-element_type=\"widget\" data-widget_type=\"text-editor.default\">\n\t\t\t\t<div class=\"elementor-widget-container\">\n\t\t\t\t\t\t\t\t\t<p><strong>Gegenstand dieser Datenschutzerkl\u00e4rung<\/strong><\/p><p>Nachfolgend m\u00f6chten wir Sie ausf\u00fchrlich dar\u00fcber informieren, welche Daten bei Ihrem Besuch unseres Internetauftritts und Ihrer Nutzung unserer Angebote erhoben und wie diese Daten von uns im Nachfolgenden verarbeitet oder genutzt werden, sowie dar\u00fcber, welche begleitenden Schutzma\u00dfnahmen wir auch in technischer und organisatorischer Hinsicht getroffen haben.<\/p><p><strong>Verantwortlicher<\/strong><\/p><p>GFFT Technologies GmbH<br \/>Niddastra\u00dfe 6<br \/>61118 Bad Vilbel<br \/>Deutschland<\/p><p>Gesch\u00e4ftsf\u00fchrung: Dr. Gerd Gro\u00dfe<br \/>Email: <a href=\"mailto:info@united-innovations.eu\">info@united-innovations.eu<\/a><br \/>Tel:\u00a00049 \u2013 6101-95498-10<br \/><a href=\"https:\/\/dev-techl.eu\/datenschutzerklaerung\/\">https:\/\/dev-techl.eu\/datenschutzerklaerung\/<\/a><\/p><p><strong>Erhebung und Verwendung Ihrer Daten\u00a0<\/strong><\/p><p>Wenn Sie unsere Webservices nutzen, speichern unsere Server standardm\u00e4\u00dfig zum Zweck der Systemsicherheit tempor\u00e4r die Verbindungsdaten des anfragenden Rechners. F\u00fcr die nur informatorische Nutzung unseres Internetauftritts ist es grunds\u00e4tzlich nicht erforderlich, dass Sie personenbezogene Daten angeben. Vielmehr erheben und verwenden wir in diesem Fall nur diejenigen Ihrer Daten, die uns Ihr Internetbrowser automatisch \u00fcbermittelt, wie etwa:<\/p><ul><li>Datum und Uhrzeit des Abrufs einer unserer Internetseiten,<\/li><li>Ihren Browsertyp,<\/li><li>die Browsereinstellungen,<\/li><li>das verwendete Betriebssystem,<\/li><li>die von Ihnen zuletzt besuchte Seite,<\/li><li>die \u00fcbertragene Datenmenge und den Zugriffsstatus (Datei \u00fcbertragen, Datei nicht gefunden etc.),<\/li><li>die Ladezeiten unserer Website sowie<\/li><li>Ihre IP-Adresse.<\/li><\/ul><p>Diese Daten erheben und verwenden wir bei einem informatorischen Besuch ausschlie\u00dflich in nicht personenbezogener Form. Dies erfolgt, um die Nutzung der von Ihnen abgerufenen Internetseiten \u00fcberhaupt zu erm\u00f6glichen, zu statistischen Zwecken sowie zur Verbesserung unseres Internetauftritts. Die GFFT Technologies GmbH speichert die IP-Adresse nur f\u00fcr die Dauer Ihres Besuchs, eine personenbezogene Auswertung findet nicht statt. F\u00fcr andere Zwecke als die blo\u00dfe Nutzung unserer Website nutzen wir lediglich eine gek\u00fcrzte Fassung der \u00fcbertragenen IP-Adressen, sodass ein Personenbezug nicht mehr herstellbar ist. Dar\u00fcberhinausgehende personenbezogene Angaben wie Ihr Name, Ihre Anschrift, Ihre Telefonnummer oder E-Mail-Adresse werden nicht erfasst, es sei denn, diese Angaben werden von Ihnen freiwillig gemacht, z.B. beim Ausf\u00fcllen eines Online-Kontaktformulars, im Rahmen einer Registrierung, einer Umfrage, zur Durchf\u00fchrung eines Vertrages oder bei einer Informationsanfrage. Die Rechtsgrundlage f\u00fcr die Verarbeitung von personenbezogenen Daten ist in diesen F\u00e4llen stets die Einwilligung des Betroffenen.<\/p><p><strong>Kommentare<\/strong> <strong>und<\/strong> <strong>Beitr\u00e4ge<\/strong><\/p><p>Wenn Nutzer Kommentare oder sonstige Beitr\u00e4ge hinterlassen, k\u00f6nnen ihre IP-Adressen auf Grundlage unserer berechtigten Interessen im Sinne des <a href=\"https:\/\/dejure.org\/gesetze\/DSGVO\/6.html\">Art. 6 Abs. 1 lit. f DSGVO<\/a> f\u00fcr 7 Tage gespeichert werden. Das erfolgt zu unserer Sicherheit, falls jemand in Kommentaren und Beitr\u00e4gen widerrechtliche Inhalte hinterl\u00e4sst (Beleidigungen, verbotene politische Propaganda, etc.). In diesem Fall k\u00f6nnen wir selbst f\u00fcr den Kommentar oder Beitrag belangt werden und sind daher an der Identit\u00e4t des Verfassers interessiert. Des Weiteren behalten wir uns vor, auf Grundlage unserer berechtigten Interessen gem. <a href=\"https:\/\/dejure.org\/gesetze\/DSGVO\/6.html\">Art. 6 Abs. 1 lit. f DSGVO<\/a>, die Angaben der Nutzer zwecks Spamerkennung zu verarbeiten. Die im Rahmen der Kommentare und Beitr\u00e4ge angegebenen Daten, werden von uns bis zum Widerspruch der Nutzer dauerhaft gespeichert.<\/p><p><strong>Kommentarabonnements<\/strong><\/p><p>Die Nachfolgekommentare k\u00f6nnen durch Nutzer mit deren Einwilligung gem. Art. 6 Abs. 1 lit. a DSGVO abonniert werden. Die Nutzer erhalten eine Best\u00e4tigungsemail, um zu \u00fcberpr\u00fcfen, ob sie der Inhaber der eingegebenen Emailadresse sind. Nutzer k\u00f6nnen laufende Kommentarabonnements jederzeit abbestellen. Die Best\u00e4tigungsemail wird Hinweise zu den Widerrufsm\u00f6glichkeiten enthalten. F\u00fcr die Zwecke des Nachweises der Einwilligung der Nutzer, speichern wir den Anmeldezeitpunkt nebst der IP-Adresse der Nutzer und l\u00f6schen diese Informationen, wenn Nutzer sich von dem Abonnement abmelden.<\/p><p>Sie k\u00f6nnen den Empfang unseres Abonnemenets jederzeit k\u00fcndigen, d.h. Ihre Einwilligungen widerrufen. Wir k\u00f6nnen die ausgetragenen E-Mailadressen bis zu drei Jahren auf Grundlage unserer berechtigten Interessen speichern bevor wir sie l\u00f6schen, um eine ehemals gegebene Einwilligung nachweisen zu k\u00f6nnen. Die Verarbeitung dieser Daten wird auf den Zweck einer m\u00f6glichen Abwehr von Anspr\u00fcchen beschr\u00e4nkt. Ein individueller L\u00f6schungsantrag ist jederzeit m\u00f6glich, sofern zugleich das ehemalige Bestehen einer Einwilligung best\u00e4tigt wird.<\/p><p><strong>Kontaktaufnahme<\/strong><\/p><p>Bei der Kontaktaufnahme mit uns (z.B. per Kontaktformular, E-Mail, Telefon oder via sozialer Medien) werden die Angaben des Nutzers zur Bearbeitung der Kontaktanfrage und deren Abwicklung gem. Art. 6 Abs. 1 lit. b DSGVO verarbeitet. Die Angaben der Nutzer k\u00f6nnen in einem Customer-Relationship-Management System (\u201eCRM System\u201c) oder vergleichbarer Anfragenorganisation gespeichert werden.<\/p><p>Wir l\u00f6schen die Anfragen, sofern diese nicht mehr erforderlich sind. Wir \u00fcberpr\u00fcfen die Erforderlichkeit alle zwei Jahre; ferner gelten die gesetzlichen Aufbewahrungsfristen.<\/p><p><strong>Bewerberverfahren<\/strong><\/p><p>Um sich lediglich \u00fcber offene Stellen zu informieren, m\u00fcssen Sie keinerlei personenbezogene Daten angeben. Wenn Sie sich jedoch auf eine Stelle bewerben m\u00f6chten, ist dies mittels einer E-Mail \u00fcber unsere Website m\u00f6glich. Ihre Daten werden mit Beendigung des Bewerbungsverfahrens mit einer Frist von vier Monaten gel\u00f6scht.<\/p><p><strong>\u00a0<\/strong><\/p><p><strong>Recht auf Auskunft, Berichtigung und L\u00f6schung<\/strong><\/p><p>Nach Art. 15 Abs. 1 DSGVO haben Sie das Recht, eine Best\u00e4tigung dar\u00fcber zu verlangen, ob Ihre personenbezogenen Daten verarbeitet werden. Sie haben entsprechend. Art. 16 DSGVO das Recht, die Vervollst\u00e4ndigung der Sie betreffenden Daten oder die Berichtigung der Sie betreffenden unrichtigen Daten zu verlangen. Sie haben nach Ma\u00dfgabe des Art. 17 DSGVO das Recht zu verlangen, dass betreffende Daten unverz\u00fcglich gel\u00f6scht werden, bzw. alternativ nach Ma\u00dfgabe des Art. 18 DSGVO eine Einschr\u00e4nkung der Verarbeitung der Daten zu verlangen. Sie haben das Recht zu verlangen, dass die Sie betreffenden Daten, die Sie uns bereitgestellt haben nach Ma\u00dfgabe des Art. 20 DSGVO zu erhalten und deren \u00dcbermittlung an andere Verantwortliche zu fordern.<\/p><p><strong>Widerrufs- und Widerspruchsrecht\u00a0<\/strong><\/p><p>Wir weisen Sie darauf hin, dass Sie eine uns ggf. erteilte datenschutzrechtliche Einwilligung <strong>jederzeit<\/strong> mit Wirkung f\u00fcr die Zukunft nach Art. 7 Abs. 3 DSGVO <strong>widerrufen<\/strong> k\u00f6nnen. Sie k\u00f6nnen der k\u00fcnftigen Verarbeitung der Sie betreffenden Daten nach Ma\u00dfgabe des Art. 21 DSGVO <strong>jederzeit widersprechen<\/strong>. Der Widerspruch kann insbesondere gegen die Verarbeitung f\u00fcr Zwecke der Direktwerbung erfolgen.<\/p><p><strong>Beschwerderecht<\/strong><\/p><p>Dar\u00fcber hinaus haben Sie jederzeit ein nach Art. 77 DSGVO garantiertes gesetzlich gew\u00e4hrtes Beschwerderecht bei einer Aufsichtsbeh\u00f6rde, wenn Sie der Ansicht sind, dass eine Verarbeitung Ihrer personenbezogenen Daten rechtswidrig erfolgt. Die Zust\u00e4ndigkeit der Aufsichtsbeh\u00f6rde richtet sich gem\u00e4\u00df Art. 56 DSGVO in der Regel nach der Hauptniederlassung des Unternehmens.<\/p><p><strong>Newsletter und Einwilligung<\/strong><\/p><p>F\u00fcr Ihre Anmeldung bei unserem E-Mail-Newsletter-Dienst ben\u00f6tigen wir neben Ihrer datenschutzrechtlichen Einwilligung mindestens Ihre E-Mail-Adresse, an die der Newsletter versendet werden soll. Etwaige weitere Angaben sind freiwillig und werden verwendet, um Sie pers\u00f6nlich ansprechen und den Inhalt des Newsletters pers\u00f6nlich ausgestalten, sowie R\u00fcckfragen zur E-Mail-Adresse kl\u00e4ren zu k\u00f6nnen.<\/p><p>F\u00fcr den Newsletter-Versand verwenden wir das sogenannte Double-Opt-in-Verfahren, d.h., wir werden Ihnen erst dann den Newsletter zusenden, wenn Sie zuvor Ihre Anmeldung \u00fcber eine Ihnen zu diesem Zweck zugesandte Best\u00e4tigungs-E-Mail per darin enthaltenem Link best\u00e4tigen. Damit m\u00f6chten wir sicherstellen, dass nur Sie selbst sich als Inhaber der angegebenen E-Mail-Adresse zum Newsletter anmelden k\u00f6nnen. Ihre diesbez\u00fcgliche Best\u00e4tigung muss nach Erhalt der Best\u00e4tigungs-E-Mail erfolgen, da andernfalls Ihre Newsletter-Anmeldung automatisch aus unserer Datenbank gel\u00f6scht wird.<\/p><p>Sie k\u00f6nnen einen von Ihnen bei uns abonnierten Newsletter jederzeit abbestellen. Dazu k\u00f6nnen Sie uns entweder eine formlose E-Mail zusenden oder \u00fcber den Link am Ende des Newsletters eine Stornierung vornehmen. Um Ihre Daten f\u00fcr den Versand des Newsletters nutzen zu d\u00fcrfen, ben\u00f6tigen wir Ihre Einwilligung, die wir im Rahmen der Anmeldung zu unserem Newsletter gesondert abfragen.<\/p><p><strong>Cookies<\/strong><\/p><p>Zus\u00e4tzlich zu genannten Daten werden bei Ihrer Nutzung unserer Website Cookies auf Ihrem Rechner gespeichert. Cookies sind kleine Textdateien, die auf Ihrer Festplatte dem von Ihnen verwendeten Browser zugeordnet gespeichert werden und durch die der Stelle, die den Cookie setzt, bestimmte Informationen zuflie\u00dfen. Cookies k\u00f6nnen keine Programme ausf\u00fchren oder Viren auf Ihren Computer \u00fcbertragen. Sie dienen dazu, das Internetangebot insgesamt benutzerfreundlicher und effektiver zu machen.<\/p><p>Diese Website nutzt folgende Arten von Cookies, deren Umfang und Funktionsweise im Folgenden erl\u00e4utert werden:<\/p><ul><li>Transiente Cookies werden automatisch gel\u00f6scht, wenn sie den Browser schlie\u00dfen. Dazu z\u00e4hlen insbesondere Session-Cookies. Diese speichern eine sogenannte Session-ID, mit welcher sich verschiedene Anfragen Ihres Browsers der gemeinsamen Sitzung zuordnen lassen. Dadurch kann Ihr Rechner wiedererkannt werden, wenn Sie auf unsere Website zur\u00fcckkehren. Die Session-Cookies werden gel\u00f6scht wenn Sie sich ausloggen oder den Browser schlie\u00dfen.<\/li><li>Persistente Cookies werden automatisiert nach einer vorgegebenen Dauer gel\u00f6scht, die sich je nach Cookie unterscheiden kann. Sie k\u00f6nnen die Cookies in den Sicherheitseinstellungen Ihres Browsers jederzeit l\u00f6schen.<\/li><\/ul><p>Sie k\u00f6nnen Ihre Browsereinstellungen entsprechend ihren W\u00fcnschen konfigurieren und z.B. die Annahme von Cookies ablehnen. Aus technischen Gr\u00fcnden ist es nicht m\u00f6glich, manche Funktionen der Website zu nutzen, wenn Sie auf Ihrem Rechner keine Cookies akzeptieren. Sie k\u00f6nnen diese Cookies allerdings beim Verlassen der Website wieder l\u00f6schen.<\/p><p><strong>Nutzung der erhobenen Daten zu Marketingzwecken<\/strong><\/p><p>Im Rahmen unseres Marketings nutzen wir nur solche Daten, die Sie uns zum Zwecke der Zusendung von Publikationen bzw. unseres Newsletters \u00fcbermittelt haben. Alle auf dieser Website erhobenen Daten werden anonymisiert ausgewertet.<\/p><p><strong>Einsatz von Google Analytics\u00a0<\/strong><\/p><p>Uns ist es wichtig, unsere Internetseiten m\u00f6glichst optimal zu gestalten und damit f\u00fcr unsere Besucher attraktiv zu machen. Dazu ist es n\u00f6tig, dass wir wissen, welche Teile davon wie bei unseren Besuchern ankommen. Diese Website benutzt Google Analytics, einen Webanalysedienst der Google LLC., 1600 Amphitheatre Parkway, Mountain View, CA 94043, USA (\u201eGoogle\u201c). Google Analytics verwendet ebenfalls Cookies. Die von Cookies erzeugten Informationen \u00fcber Ihre Nutzung dieser Website werden in der Regel an einen Server von Google in den USA \u00fcbertragen und dort gespeichert.<\/p><p>Auf unserer Website wurde die IP-Anonymisierung aktiviert, sodass Ihre IP-Adresse von Google innerhalb von Mitgliedstaaten der Europ\u00e4ischen Union oder in anderen Vertragsstaaten des Abkommens \u00fcber den Europ\u00e4ischen Wirtschaftsraum zuvor gek\u00fcrzt wird. Nur in Ausnahmef\u00e4llen wird die volle IP-Adresse an einen Server von Google in den USA \u00fcbertragen und dort gek\u00fcrzt. In unserem Auftrag wird Google diese Informationen benutzen, um Ihre Nutzung der Website auszuwerten, um Reports \u00fcber die Website-Aktivit\u00e4ten zusammenzustellen und um weitere mit der Website- und Internetnutzung verbundene Dienstleistungen gegen\u00fcber uns als Website-Betreiber zu erbringen. Die im Rahmen von Google Analytics von Ihrem Browser \u00fcbermittelte IP-Adresse wird nicht mit anderen Daten von Google zusammengef\u00fchrt.<\/p><p>Sie k\u00f6nnen die Speicherung der Cookies durch eine entsprechende Einstellung Ihrer Browsersoftware verhindern; wir weisen Sie jedoch darauf hin, dass Sie in diesem Fall ggf. nicht s\u00e4mtliche Funktionen dieser Website vollumf\u00e4nglich werden nutzen k\u00f6nnen. Sie k\u00f6nnen dar\u00fcber hinaus die \u00dcbertragung der durch die Cookies erzeugten und auf Ihre Nutzung der Website bezogenen Daten (inkl. Ihrer IP-Adresse) an Google sowie die Verarbeitung dieser Daten durch Google verhindern, indem Sie das unter dem folgenden Link verf\u00fcgbare Browser-Plugin herunterladen und installieren: <a href=\"https:\/\/tools.google.com\/dlpage\/gaoptout?hl=de\">https:\/\/tools.google.com\/dlpage\/gaoptout?hl=de<\/a><\/p><p>Die Datenschutzerkl\u00e4rung von Google finden Sie unter: <a href=\"https:\/\/www.google.com\/policies\/privacy\/partners\/?hl=de\">https:\/\/www.google.com\/policies\/privacy\/partners\/?hl=de<\/a><\/p><p><strong>Kontaktformular<\/strong><\/p><p>Wenn Sie uns per Kontaktformular Anfragen zukommen lassen, werden Ihre Angaben aus dem Anfrageformular inklusive der von Ihnen dort angegebenen Kontaktdaten zwecks Bearbeitung der Anfrage und f\u00fcr den Fall von Anschlussfragen bei uns gespeichert. Diese Daten geben wir nicht ohne Ihre Einwilligung weiter.<\/p><p><strong>Datenschutzerkl\u00e4rung f\u00fcr die Nutzung von Facebook-Plugins (Like-Button)<\/strong><\/p><p>Auf unseren Seiten sind Plugins des sozialen Netzwerks Facebook, 1601 South California Avenue, Palo Alto, CA 94304, USA integriert. Die Facebook-Plugins erkennen Sie an dem Facebook-Logo oder dem \u201cLike-Button\u201d (\u201cGef\u00e4llt mir\u201d) auf unserer Seite. Eine \u00dcbersicht \u00fcber die Facebook-Plugins finden Sie hier: <a href=\"https:\/\/developers.facebook.com\/docs\/plugins\/\">https:\/\/developers.facebook.com\/docs\/plugins\/<\/a>.<\/p><p>Wenn Sie unsere Seiten besuchen, wird \u00fcber das Plugin eine direkte Verbindung zwischen Ihrem Browser und dem Facebook-Server hergestellt. Facebook erh\u00e4lt dadurch die Information, dass Sie mit Ihrer IP-Adresse unsere Seite besucht haben. Wenn Sie den Facebook \u201cLike-Button\u201d anklicken w\u00e4hrend Sie in Ihrem Facebook-Account eingeloggt sind, k\u00f6nnen Sie die Inhalte unserer Seiten auf Ihrem Facebook-Profil verlinken. Dadurch kann Facebook den Besuch unserer Seiten Ihrem Benutzerkonto zuordnen. Wir weisen darauf hin, dass wir als Anbieter der Seiten keine Kenntnis vom Inhalt der \u00fcbermittelten Daten sowie deren Nutzung durch Facebook erhalten. Weitere Informationen hierzu finden Sie in der Datenschutzerkl\u00e4rung von facebook unter <a href=\"https:\/\/de-de.facebook.com\/policy.php\">https:\/\/de-de.facebook.com\/policy.php.<\/a><\/p><p>Wenn Sie nicht w\u00fcnschen, dass Facebook den Besuch unserer Seiten Ihrem Facebook-Nutzerkonto zuordnen kann, loggen Sie sich bitte aus Ihrem Facebook-Benutzerkonto aus.<\/p><p><strong>Twitter<\/strong><\/p><p>Mit Twitter und den Re-Tweet-Funktionen verwenden wir Plugins von twitter.com, einem Angebot der Twitter Inc., 795 Folsom St., Suite 600, San Francisco, CA 94107, USA. Wenn Sie die Re-Tweet-Funktionen nutzen, werden die von Ihnen besuchten Seiten Dritten bekanntgegeben und mit Ihrem Twitter-Account verbunden. Einzelheiten zu dem Umgang mit Ihren Daten durch die Twitter Inc. sowie zu Ihren Rechten und Einstellungsm\u00f6glichkeiten zum Schutz Ihrer pers\u00f6nlichen Daten k\u00f6nnen Sie den <a href=\"https:\/\/twitter.com\/privacy\">Datenschutzhinweisen von Twitter<\/a> entnehmen.<\/p><p><strong>Youtube<\/strong><\/p><p>Wir binden die Videos der Plattform \u201cYouTube\u201d des Anbieters Google LLC, 1600 Amphitheatre Parkway, Mountain View, CA 94043, USA, ein. Datenschutzerkl\u00e4rung: <a href=\"https:\/\/www.google.com\/policies\/privacy\/\">https:\/\/www.google.com\/policies\/privacy\/<\/a>, Opt-Out: <a href=\"https:\/\/adssettings.google.com\/authenticated\">https:\/\/adssettings.google.com\/authenticated<\/a>.<\/p><p><strong>\u00a0<\/strong><\/p><p><strong>Einschaltung von Dienstleistern und Weitergabe an Dritte\u00a0<\/strong><\/p><p>Ihre Daten werden zur Bereitstellung dieser Website und zu den vorgenannten Zwecken ggf. an uns unterst\u00fctzende technische Dienstleister (z.B. Website-Hosting, -Betreuung, Qualit\u00e4tssicherung oder Mailingdienst) weitergegeben, die wir selbstverst\u00e4ndlich sorgf\u00e4ltig ausgew\u00e4hlt und schriftlich beauftragt haben. Diese Dienstleister sind an unsere Weisungen gebunden und werden von uns regelm\u00e4\u00dfig kontrolliert. Sofern wir Dritte mit der Verarbeitung von Daten auf der Grundlage eines sog. \u201eAuftragsverarbeitungsvertrages\u201c beauftragen, geschieht dies auf der Basis des Art. 28 DSGVO.<\/p><p>Die Weitergabe Ihrer Daten an andere Dritte erfolgt ansonsten nur, soweit in dieser Datenschutzerkl\u00e4rung ausdr\u00fccklich darauf hingewiesen wird oder wir dazu gesetzlich verpflichtet sind.<\/p><p><strong>Datensicherheit\u00a0<\/strong><\/p><p>Wir setzen zudem technische und organisatorische Sicherheitsma\u00dfnahmen ein, um anfallende oder erhobene personenbezogene Daten zu sch\u00fctzen, insbesondere gegen zuf\u00e4llige oder vors\u00e4tzliche Manipulation, Verlust, Zerst\u00f6rung oder gegen den Angriff unberechtigter Personen. Unsere Sicherheitsma\u00dfnahmen werden entsprechend der technologischen Entwicklung fortlaufend verbessert.<\/p><p>Ihre personenbezogenen Daten werden zudem per SSL\/TLS-Technik verschl\u00fcsselt, um Zugriffe unberechtigter Dritter zu verhindern.<\/p><p><strong>\u00c4nderungen an der Datenschutzerkl\u00e4rung<\/strong><\/p><p>Unsere Datenschutzerkl\u00e4rung wird regelm\u00e4\u00dfig \u00fcberpr\u00fcft. Die GFFT Technologies GmbH beh\u00e4lt sich vor, die Datenschutzerkl\u00e4rung ohne Vorank\u00fcndigung jederzeit zu \u00e4ndern. Daher empfehlen wir Ihnen, sich regelm\u00e4\u00dfig \u00fcber etwaige \u00c4nderungen zu informieren. Durch Nutzung der Website der GFFT Technologies GmbH stimmen Sie dieser Datenschutzrichtlinie zu.<\/p><p><strong>Ansprechpartner f\u00fcr Datenschutz<\/strong><\/p><p>Ihr Ansprechpartner bei Fragen, f\u00fcr Auskunftsersuchen oder Ihre Anregungen zum Datenschutz bei der GFFT Technologies GmbH ist<\/p><p><strong>Dr. Gerd Gro\u00dfe<\/strong><\/p><p>Kontaktaufnahme per E-Mail an: <a href=\"mailto:info@united-innovations.eu\">info@united-innovations.eu<\/a><\/p><p>Kontaktaufnahme per Brief, ggf. per Einschreiben an:<br \/>GFFT Technologies GmbH<br \/>Niddastra\u00dfe 6<br \/>61118 Bad Vilbel<\/p>\t\t\t\t\t\t\t\t<\/div>\n\t\t\t\t<\/div>\n\t\t\t\t\t<\/div>\n\t\t<\/div>\n\t\t\t\t\t<\/div>\n\t\t<\/section>\n\t\t\t\t<\/div>","protected":false},"excerpt":{"rendered":"<p>Gegenstand dieser Datenschutzerkl\u00e4rung Nachfolgend m\u00f6chten wir Sie ausf\u00fchrlich dar\u00fcber informieren, welche Daten bei Ihrem Besuch unseres Internetauftritts und Ihrer Nutzung unserer Angebote [&hellip;]<\/p>","protected":false},"author":4,"featured_media":1027,"parent":0,"menu_order":0,"comment_status":"closed","ping_status":"closed","template":"","meta":{"footnotes":""},"class_list":["post-2501","page","type-page","status-publish","has-post-thumbnail","hentry"],"_links":{"self":[{"href":"https:\/\/www.united-innovations.eu\/de\/wp-json\/wp\/v2\/pages\/2501","targetHints":{"allow":["GET"]}}],"collection":[{"href":"https:\/\/www.united-innovations.eu\/de\/wp-json\/wp\/v2\/pages"}],"about":[{"href":"https:\/\/www.united-innovations.eu\/de\/wp-json\/wp\/v2\/types\/page"}],"author":[{"embeddable":true,"href":"https:\/\/www.united-innovations.eu\/de\/wp-json\/wp\/v2\/users\/4"}],"replies":[{"embeddable":true,"href":"https:\/\/www.united-innovations.eu\/de\/wp-json\/wp\/v2\/comments?post=2501"}],"version-history":[{"count":7,"href":"https:\/\/www.united-innovations.eu\/de\/wp-json\/wp\/v2\/pages\/2501\/revisions"}],"predecessor-version":[{"id":2513,"href":"https:\/\/www.united-innovations.eu\/de\/wp-json\/wp\/v2\/pages\/2501\/revisions\/2513"}],"wp:featuredmedia":[{"embeddable":true,"href":"https:\/\/www.united-innovations.eu\/de\/wp-json\/wp\/v2\/media\/1027"}],"wp:attachment":[{"href":"https:\/\/www.united-innovations.eu\/de\/wp-json\/wp\/v2\/media?parent=2501"}],"curies":[{"name":"wp","href":"https:\/\/api.w.org\/{rel}","templated":true}]}}